{"id":6,"date":"2023-11-25T06:00:51","date_gmt":"2023-11-25T06:00:51","guid":{"rendered":"http:\/\/grinpet.shop\/?page_id=6"},"modified":"2023-11-25T06:00:51","modified_gmt":"2023-11-25T06:00:51","slug":"cart","status":"publish","type":"page","link":"https:\/\/grinpet.shop\/en\/cart\/","title":{"rendered":"Cart"},"content":{"rendered":"<div data-block-name=\"woocommerce\/cart\" class=\"wp-block-woocommerce-cart alignwide is-loading\"><div data-block-name=\"woocommerce\/filled-cart-block\" class=\"wp-block-woocommerce-filled-cart-block\"><div data-block-name=\"woocommerce\/cart-items-block\" class=\"wp-block-woocommerce-cart-items-block\"><div data-block-name=\"woocommerce\/cart-line-items-block\" class=\"wp-block-woocommerce-cart-line-items-block\"><\/div>\n\n<div data-block-name=\"woocommerce\/cart-cross-sells-block\" class=\"wp-block-woocommerce-cart-cross-sells-block\">\n<h2 class=\"wp-block-heading has-large-font-size\">You may be interested in\u2026<\/h2>\n\n\n<div data-block-name=\"woocommerce\/cart-cross-sells-products-block\" class=\"wp-block-woocommerce-cart-cross-sells-products-block\"><\/div><\/div><\/div>\n\n<div data-block-name=\"woocommerce\/cart-totals-block\" class=\"wp-block-woocommerce-cart-totals-block\"><div data-block-name=\"woocommerce\/cart-order-summary-block\" class=\"wp-block-woocommerce-cart-order-summary-block\"><div data-block-name=\"woocommerce\/cart-order-summary-heading-block\" class=\"wp-block-woocommerce-cart-order-summary-heading-block\"><\/div>\n\n<div data-block-name=\"woocommerce\/cart-order-summary-coupon-form-block\" class=\"wp-block-woocommerce-cart-order-summary-coupon-form-block\"><\/div>\n\n<div data-block-name=\"woocommerce\/cart-order-summary-subtotal-block\" class=\"wp-block-woocommerce-cart-order-summary-subtotal-block\"><\/div>\n\n<div data-block-name=\"woocommerce\/cart-order-summary-fee-block\" class=\"wp-block-woocommerce-cart-order-summary-fee-block\"><\/div>\n\n<div data-block-name=\"woocommerce\/cart-order-summary-discount-block\" class=\"wp-block-woocommerce-cart-order-summary-discount-block\"><\/div>\n\n<div data-block-name=\"woocommerce\/cart-order-summary-shipping-block\" class=\"wp-block-woocommerce-cart-order-summary-shipping-block\"><\/div>\n\n<div data-block-name=\"woocommerce\/cart-order-summary-taxes-block\" class=\"wp-block-woocommerce-cart-order-summary-taxes-block\"><\/div><\/div>\n\n<div data-block-name=\"woocommerce\/cart-express-payment-block\" class=\"wp-block-woocommerce-cart-express-payment-block\"><\/div>\n\n<div data-block-name=\"woocommerce\/proceed-to-checkout-block\" class=\"wp-block-woocommerce-proceed-to-checkout-block\"><\/div>\n\n<div data-block-name=\"woocommerce\/cart-accepted-payment-methods-block\" class=\"wp-block-woocommerce-cart-accepted-payment-methods-block\"><\/div><\/div><\/div>\n\n<div data-block-name=\"woocommerce\/empty-cart-block\" class=\"wp-block-woocommerce-empty-cart-block\">\n<h2 class=\"wp-block-heading has-text-align-center with-empty-cart-icon wc-block-cart__empty-cart__title\">Your cart is currently empty!<\/h2>\n\n\n\n<hr class=\"wp-block-separator has-alpha-channel-opacity is-style-dots\"\/>\n\n\n\n<h2 class=\"wp-block-heading has-text-align-center\">New in store<\/h2>\n\n\n<div data-block-name=\"woocommerce\/product-new\" data-columns=\"4\" data-rows=\"1\" class=\"wc-block-grid wp-block-product-new wc-block-product-new has-4-columns\"><ul class=\"wc-block-grid__products\"><li class=\"wc-block-grid__product\">\n\t\t\t\t<a href=\"https:\/\/grinpet.shop\/en\/product\/bao-hanh-1-nam-may-ve-sinh-tu-dong-cho-meo-thuoc-top-ban-chay-o-thi-truong-the-gioi-san-xuat-boi-ningbo-chichuang\/\" class=\"wc-block-grid__product-link\">\n\t\t\t\t\t<div class=\"wc-block-grid__product-onsale\">\n\t\t\t<span aria-hidden=\"true\" data-no-translation=\"\" data-trp-gettext=\"\">Sale<\/span>\n\t\t\t<span class=\"screen-reader-text\" data-no-translation=\"\" data-trp-gettext=\"\">Product on sale<\/span>\n\t\t<\/div>\n\t\t\t\t\t<div class=\"wc-block-grid__product-image\"><img fetchpriority=\"high\" decoding=\"async\" width=\"300\" height=\"300\" src=\"https:\/\/grinpet.shop\/wp-content\/uploads\/2026\/01\/SALE-300x300.png\" class=\"attachment-woocommerce_thumbnail size-woocommerce_thumbnail\" alt=\"[B\u1ea3o h\u00e0nh 1 n\u0103m] M\u00e1y v\u1ec7 sinh t\u1ef1 \u0111\u1ed9ng cho m\u00e8o thu\u1ed9c top b\u00e1n ch\u1ea1y \u1edf th\u1ecb tr\u01b0\u1eddng th\u1ebf gi\u1edbi, s\u1ea3n xu\u1ea5t b\u1edfi Ningbo Chichuang\" \/><\/div>\n\t\t\t\t\t<div class=\"wc-block-grid__product-title\">[B\u1ea3o h\u00e0nh 1 n\u0103m] M\u00e1y v\u1ec7 sinh t\u1ef1 \u0111\u1ed9ng cho m\u00e8o thu\u1ed9c top b\u00e1n ch\u1ea1y \u1edf th\u1ecb tr\u01b0\u1eddng th\u1ebf gi\u1edbi, s\u1ea3n xu\u1ea5t b\u1edfi Ningbo Chichuang<\/div>\n\t\t\t\t<\/a>\n\t\t\t\t<div class=\"wc-block-grid__product-price price\"><del aria-hidden=\"true\"><span class=\"woocommerce-Price-amount amount\">6.790.000&nbsp;<span class=\"woocommerce-Price-currencySymbol\">&#8363;<\/span><\/span><\/del> <ins><span class=\"woocommerce-Price-amount amount\">3.790.000&nbsp;<span class=\"woocommerce-Price-currencySymbol\">&#8363;<\/span><\/span><\/ins><\/div>\n\t\t\t\t\n\t\t\t\t<div class=\"wp-block-button wc-block-grid__product-add-to-cart\"><a href=\"?add-to-cart=22001\" aria-label=\"Add \u201c[B\u1ea3o h\u00e0nh 1 n\u0103m] M\u00e1y v\u1ec7 sinh t\u1ef1 \u0111\u1ed9ng cho m\u00e8o thu\u1ed9c top b\u00e1n ch\u1ea1y \u1edf th\u1ecb tr\u01b0\u1eddng th\u1ebf gi\u1edbi, s\u1ea3n xu\u1ea5t b\u1edfi Ningbo Chichuang\u201d to your cart\" data-quantity=\"1\" data-product_id=\"22001\" data-product_sku=\"\" data-price=\"3790000\" rel=\"nofollow\" class=\"wp-block-button__link  add_to_cart_button ajax_add_to_cart\" data-no-translation=\"\" data-trp-gettext=\"\" data-no-translation-aria-label=\"\">L\u1ef1a ch\u1ecdn c\u00e1c t\u00f9y ch\u1ecdn<\/a><\/div>\n\t\t\t<\/li><li class=\"wc-block-grid__product\">\n\t\t\t\t<a href=\"https:\/\/grinpet.shop\/en\/product\/cat-ve-sinh-sieu-re-cho-meo-kleen-cat-meo-sieu-von-cuc-tui-9l-4kg\/\" class=\"wc-block-grid__product-link\">\n\t\t\t\t\t\n\t\t\t\t\t<div class=\"wc-block-grid__product-image\"><img decoding=\"async\" width=\"300\" height=\"300\" src=\"https:\/\/grinpet.shop\/wp-content\/uploads\/2025\/10\/IMG_1525-300x300.jpeg\" class=\"attachment-woocommerce_thumbnail size-woocommerce_thumbnail\" alt=\"C\u00e1t V\u1ec7 Sinh Si\u00eau R\u1ebb Cho M\u00e8o Kleen, C\u00e1t M\u00e8o Si\u00eau V\u00f3n C\u1ee5c t\u00fai 9l - 4kg\" \/><\/div>\n\t\t\t\t\t<div class=\"wc-block-grid__product-title\">C\u00e1t V\u1ec7 Sinh Si\u00eau R\u1ebb Cho M\u00e8o Kleen, C\u00e1t M\u00e8o Si\u00eau V\u00f3n C\u1ee5c t\u00fai 9l &#8211; 4kg<\/div>\n\t\t\t\t<\/a>\n\t\t\t\t<div class=\"wc-block-grid__product-price price\"><span class=\"woocommerce-Price-amount amount\">50.000&nbsp;<span class=\"woocommerce-Price-currencySymbol\">&#8363;<\/span><\/span><\/div>\n\t\t\t\t\n\t\t\t\t<div class=\"wp-block-button wc-block-grid__product-add-to-cart\"><a href=\"https:\/\/grinpet.shop\/en\/product\/cat-ve-sinh-sieu-re-cho-meo-kleen-cat-meo-sieu-von-cuc-tui-9l-4kg\/\" aria-label=\"Select options for \u201cC\u00e1t V\u1ec7 Sinh Si\u00eau R\u1ebb Cho M\u00e8o Kleen, C\u00e1t M\u00e8o Si\u00eau V\u00f3n C\u1ee5c t\u00fai 9l - 4kg\u201d\" data-quantity=\"1\" data-product_id=\"21988\" data-product_sku=\"\" data-price=\"50000\" rel=\"nofollow\" class=\"wp-block-button__link  add_to_cart_button\" data-no-translation=\"\" data-trp-gettext=\"\" data-no-translation-aria-label=\"\">L\u1ef1a ch\u1ecdn c\u00e1c t\u00f9y ch\u1ecdn<\/a><\/div>\n\t\t\t<\/li><li class=\"wc-block-grid__product\">\n\t\t\t\t<a href=\"https:\/\/grinpet.shop\/en\/product\/bao-hanh-1-nam-may-cho-meo-an-tu-dong-co-camera-dieu-khien-bang-ung-dung-thiet-ke-va-san-xuat-boi-tikpaws-2\/\" class=\"wc-block-grid__product-link\">\n\t\t\t\t\t<div class=\"wc-block-grid__product-onsale\">\n\t\t\t<span aria-hidden=\"true\" data-no-translation=\"\" data-trp-gettext=\"\">Sale<\/span>\n\t\t\t<span class=\"screen-reader-text\" data-no-translation=\"\" data-trp-gettext=\"\">Product on sale<\/span>\n\t\t<\/div>\n\t\t\t\t\t<div class=\"wc-block-grid__product-image\"><img decoding=\"async\" width=\"300\" height=\"300\" src=\"https:\/\/grinpet.shop\/wp-content\/uploads\/2025\/06\/IMG_0893-300x300.jpeg\" class=\"attachment-woocommerce_thumbnail size-woocommerce_thumbnail\" alt=\"[B\u1ea3o h\u00e0nh 1 n\u0103m] M\u00e1y cho m\u00e8o \u0103n t\u1ef1 \u0111\u1ed9ng c\u00f3 camera \u0111i\u1ec1u khi\u1ec3n b\u1eb1ng \u1ee9ng d\u1ee5ng, thi\u1ebft k\u1ebf v\u00e0 s\u1ea3n xu\u1ea5t b\u1edfi Tikpaws\" \/><\/div>\n\t\t\t\t\t<div class=\"wc-block-grid__product-title\">[B\u1ea3o h\u00e0nh 1 n\u0103m] M\u00e1y cho m\u00e8o \u0103n t\u1ef1 \u0111\u1ed9ng c\u00f3 camera \u0111i\u1ec1u khi\u1ec3n b\u1eb1ng \u1ee9ng d\u1ee5ng, thi\u1ebft k\u1ebf v\u00e0 s\u1ea3n xu\u1ea5t b\u1edfi Tikpaws<\/div>\n\t\t\t\t<\/a>\n\t\t\t\t<div class=\"wc-block-grid__product-price price\" data-no-translation=\"\" data-trp-gettext=\"\"><span class=\"woocommerce-Price-amount amount\">925.000&nbsp;<span class=\"woocommerce-Price-currencySymbol\">&#8363;<\/span><\/span> &ndash; <span class=\"woocommerce-Price-amount amount\">975.000&nbsp;<span class=\"woocommerce-Price-currencySymbol\">&#8363;<\/span><\/span><\/div>\n\t\t\t\t\n\t\t\t\t<div class=\"wp-block-button wc-block-grid__product-add-to-cart\"><a href=\"https:\/\/grinpet.shop\/en\/product\/bao-hanh-1-nam-may-cho-meo-an-tu-dong-co-camera-dieu-khien-bang-ung-dung-thiet-ke-va-san-xuat-boi-tikpaws-2\/\" aria-label=\"Select options for \u201c[B\u1ea3o h\u00e0nh 1 n\u0103m] M\u00e1y cho m\u00e8o \u0103n t\u1ef1 \u0111\u1ed9ng c\u00f3 camera \u0111i\u1ec1u khi\u1ec3n b\u1eb1ng \u1ee9ng d\u1ee5ng, thi\u1ebft k\u1ebf v\u00e0 s\u1ea3n xu\u1ea5t b\u1edfi Tikpaws\u201d\" data-quantity=\"1\" data-product_id=\"21963\" data-product_sku=\"\" data-price=\"925000\" rel=\"nofollow\" class=\"wp-block-button__link  add_to_cart_button\" data-no-translation=\"\" data-trp-gettext=\"\" data-no-translation-aria-label=\"\">L\u1ef1a ch\u1ecdn c\u00e1c t\u00f9y ch\u1ecdn<\/a><\/div>\n\t\t\t<\/li><li class=\"wc-block-grid__product\">\n\t\t\t\t<a href=\"https:\/\/grinpet.shop\/en\/product\/bac-cho-may-ve-sinh-tu-dong-dinh-dinh-vu-whimzypet-luu-y-chi-co-bac-khong-kem-may\/\" class=\"wc-block-grid__product-link\">\n\t\t\t\t\t\n\t\t\t\t\t<div class=\"wc-block-grid__product-image\"><img loading=\"lazy\" decoding=\"async\" width=\"300\" height=\"300\" src=\"https:\/\/grinpet.shop\/wp-content\/uploads\/2025\/05\/IMG_0907-300x300.jpg\" class=\"attachment-woocommerce_thumbnail size-woocommerce_thumbnail\" alt=\"B\u1eadc cho m\u00e1y v\u1ec7 sinh t\u1ef1 \u0111\u1ed9ng \u0110inh \u0110inh V\u0169 (WhimzyPet). L\u01b0u \u00fd ch\u1ec9 c\u00f3 b\u1eadc kh\u00f4ng k\u00e8m m\u00e1y.\" \/><\/div>\n\t\t\t\t\t<div class=\"wc-block-grid__product-title\">B\u1eadc cho m\u00e1y v\u1ec7 sinh t\u1ef1 \u0111\u1ed9ng \u0110inh \u0110inh V\u0169 (WhimzyPet). L\u01b0u \u00fd ch\u1ec9 c\u00f3 b\u1eadc kh\u00f4ng k\u00e8m m\u00e1y.<\/div>\n\t\t\t\t<\/a>\n\t\t\t\t<div class=\"wc-block-grid__product-price price\"><span class=\"woocommerce-Price-amount amount\">250.000&nbsp;<span class=\"woocommerce-Price-currencySymbol\">&#8363;<\/span><\/span><\/div>\n\t\t\t\t\n\t\t\t\t<div class=\"wp-block-button wc-block-grid__product-add-to-cart\"><a href=\"?add-to-cart=21949\" aria-label=\"Add \u201cB\u1eadc cho m\u00e1y v\u1ec7 sinh t\u1ef1 \u0111\u1ed9ng \u0110inh \u0110inh V\u0169 (WhimzyPet). L\u01b0u \u00fd ch\u1ec9 c\u00f3 b\u1eadc kh\u00f4ng k\u00e8m m\u00e1y.\u201d to your cart\" data-quantity=\"1\" data-product_id=\"21949\" data-product_sku=\"\" data-price=\"250000\" rel=\"nofollow\" class=\"wp-block-button__link  add_to_cart_button ajax_add_to_cart\" data-no-translation=\"\" data-trp-gettext=\"\" data-no-translation-aria-label=\"\">L\u1ef1a ch\u1ecdn c\u00e1c t\u00f9y ch\u1ecdn<\/a><\/div>\n\t\t\t<\/li><\/ul><\/div><\/div><\/div>","protected":false},"excerpt":{"rendered":"","protected":false},"author":1,"featured_media":0,"parent":0,"menu_order":0,"comment_status":"closed","ping_status":"closed","template":"","meta":{"footnotes":""},"class_list":["post-6","page","type-page","status-publish","hentry"],"_links":{"self":[{"href":"https:\/\/grinpet.shop\/en\/wp-json\/wp\/v2\/pages\/6","targetHints":{"allow":["GET"]}}],"collection":[{"href":"https:\/\/grinpet.shop\/en\/wp-json\/wp\/v2\/pages"}],"about":[{"href":"https:\/\/grinpet.shop\/en\/wp-json\/wp\/v2\/types\/page"}],"author":[{"embeddable":true,"href":"https:\/\/grinpet.shop\/en\/wp-json\/wp\/v2\/users\/1"}],"replies":[{"embeddable":true,"href":"https:\/\/grinpet.shop\/en\/wp-json\/wp\/v2\/comments?post=6"}],"version-history":[{"count":0,"href":"https:\/\/grinpet.shop\/en\/wp-json\/wp\/v2\/pages\/6\/revisions"}],"wp:attachment":[{"href":"https:\/\/grinpet.shop\/en\/wp-json\/wp\/v2\/media?parent=6"}],"curies":[{"name":"wp","href":"https:\/\/api.w.org\/{rel}","templated":true}]}}