{"id":21431,"date":"2023-12-14T05:09:50","date_gmt":"2023-12-14T05:09:50","guid":{"rendered":"http:\/\/grinpet.shop\/?post_type=product&#038;p=21431"},"modified":"2023-12-14T05:17:47","modified_gmt":"2023-12-14T05:17:47","slug":"ao-shiba-xanh-cho-nhung-ngay-xe-lanh-hoac-ban-dem","status":"publish","type":"product","link":"http:\/\/grinpet.shop\/en\/product\/ao-shiba-xanh-cho-nhung-ngay-xe-lanh-hoac-ban-dem\/","title":{"rendered":"\u00c1o ShiBa Xanh Cho Nh\u1eefng Ng\u00e0y Xe L\u1ea1nh Ho\u1eb7c Ban \u0110\u00eam"},"content":{"rendered":"<p>\u00c1o cho ch\u00f3 m\u00e8o cho nh\u1eefng ng\u00e0y xe l\u1ea1nh ho\u1eb7c ban \u0111\u00eam.<\/p>\n<p>Size XS cho ch\u00f3\/m\u00e8o d\u01b0\u1edbi 1.5kg<br \/>\nSize S cho ch\u00f3\/m\u00e8o t\u1eeb 1.5kg \u0111\u1ebfn 2.5kg<br \/>\nSize M cho ch\u00f3\/m\u00e8o t\u1eeb 2.5kg \u0111\u1ebfn 3.5kg<br \/>\nSize L cho ch\u00f3\/m\u00e8o t\u1eeb 3.5kg \u0111\u1ebfn 5kg<br \/>\nSize XL cho ch\u00f3\/m\u00e8o t\u1eeb 5kg \u0111\u1ebfn 7kg<\/p>\n<p>#\u00c1o Ch\u00f3 M\u00e8o #Ph\u1ee5 Ki\u1ec7n Th\u00fa C\u01b0ng #\u00c1oChoMeo #phukienthucung #aobalochomeo #aoluoichomeo<br \/>\n#\u00c1o cho m\u00e8o con<br \/>\n#\u00c1o cho ch\u00f3 con<br \/>\n#\u00c1o cho m\u00e8o m\u00f9a \u0111\u00f4ng<br \/>\n#\u00c1o cho ch\u00f3 m\u00f9a \u0111\u00f4ng<\/p>\n<p>&nbsp;<\/p>","protected":false},"excerpt":{"rendered":"<p>\u00c1o cho ch\u00f3 m\u00e8o cho nh\u1eefng ng\u00e0y xe l\u1ea1nh ho\u1eb7c ban \u0111\u00eam. Size XS cho ch\u00f3\/m\u00e8o d\u01b0\u1edbi 1.5kg Size S cho ch\u00f3\/m\u00e8o t\u1eeb 1.5kg \u0111\u1ebfn 2.5kg Size M cho ch\u00f3\/m\u00e8o t\u1eeb 2.5kg \u0111\u1ebfn 3.5kg Size L cho ch\u00f3\/m\u00e8o t\u1eeb 3.5kg \u0111\u1ebfn 5kg Size XL cho ch\u00f3\/m\u00e8o t\u1eeb 5kg \u0111\u1ebfn 7kg #\u00c1o Ch\u00f3 M\u00e8o #Ph\u1ee5 Ki\u1ec7n [&hellip;]<\/p>","protected":false},"featured_media":21432,"comment_status":"open","ping_status":"closed","template":"","meta":[],"product_cat":[133,157],"product_tag":[],"class_list":["post-21431","product","type-product","status-publish","has-post-thumbnail","hentry","product_cat-dog-clothing","product_cat-thoi-trang"],"_links":{"self":[{"href":"http:\/\/grinpet.shop\/en\/wp-json\/wp\/v2\/product\/21431","targetHints":{"allow":["GET"]}}],"collection":[{"href":"http:\/\/grinpet.shop\/en\/wp-json\/wp\/v2\/product"}],"about":[{"href":"http:\/\/grinpet.shop\/en\/wp-json\/wp\/v2\/types\/product"}],"replies":[{"embeddable":true,"href":"http:\/\/grinpet.shop\/en\/wp-json\/wp\/v2\/comments?post=21431"}],"wp:featuredmedia":[{"embeddable":true,"href":"http:\/\/grinpet.shop\/en\/wp-json\/wp\/v2\/media\/21432"}],"wp:attachment":[{"href":"http:\/\/grinpet.shop\/en\/wp-json\/wp\/v2\/media?parent=21431"}],"wp:term":[{"taxonomy":"product_cat","embeddable":true,"href":"http:\/\/grinpet.shop\/en\/wp-json\/wp\/v2\/product_cat?post=21431"},{"taxonomy":"product_tag","embeddable":true,"href":"http:\/\/grinpet.shop\/en\/wp-json\/wp\/v2\/product_tag?post=21431"}],"curies":[{"name":"wp","href":"https:\/\/api.w.org\/{rel}","templated":true}]}}