{"id":21435,"date":"2023-12-14T05:15:59","date_gmt":"2023-12-14T05:15:59","guid":{"rendered":"http:\/\/grinpet.shop\/?post_type=product&#038;p=21435"},"modified":"2024-07-23T09:40:50","modified_gmt":"2024-07-23T09:40:50","slug":"ao-cam-cho-cho-meo-made-in-vietnam","status":"publish","type":"product","link":"http:\/\/grinpet.shop\/en\/product\/ao-cam-cho-cho-meo-made-in-vietnam\/","title":{"rendered":"\u00c1o Cam Cho Ch\u00f3 M\u00e8o Made In Vietnam"},"content":{"rendered":"<p>\u00c1o thun cho Ch\u00f3 M\u00e8o M\u00e0u Cam. H\u00e0ng Vi\u1ec7t Nam s\u1ea3n xu\u1ea5t.<br \/>\n\u00c1o c\u00f3 nh\u1eefng c\u1ee1 sau:<br \/>\nXS cho c\u00e2n n\u1eb7ng d\u01b0\u1edbi 1kg<br \/>\nS cho c\u00e2n n\u1eb7ng t\u1eeb 1kg \u0111\u1ebfn 1.5kg<br \/>\nM cho c\u00e2n n\u1eb7ng t\u1eeb 2kg \u0111\u1ebfn 3kg<br \/>\nL cho c\u00e2n n\u1eb7ng t\u1eeb 4kg \u0111\u1ebfn 6kg<br \/>\nXL cho c\u00e2n n\u1eb7ng t\u1eeb 7kg \u0111\u1ebfn 8kg<br \/>\n#\u00c1o cho ch\u00f3<br \/>\n#\u00c1o cho m\u00e8o<br \/>\n#\u00c1o cho ch\u00f3 m\u00f9a \u0111\u00f4ng<br \/>\n#\u00c1o cho m\u00e8o m\u00f9a \u0111\u00f4ng<\/p>","protected":false},"excerpt":{"rendered":"<p>\u00c1o thun cho Ch\u00f3 M\u00e8o M\u00e0u Cam. H\u00e0ng Vi\u1ec7t Nam s\u1ea3n xu\u1ea5t. \u00c1o c\u00f3 nh\u1eefng c\u1ee1 sau: XS cho c\u00e2n n\u1eb7ng d\u01b0\u1edbi 1kg S cho c\u00e2n n\u1eb7ng t\u1eeb 1kg \u0111\u1ebfn 1.5kg M cho c\u00e2n n\u1eb7ng t\u1eeb 2kg \u0111\u1ebfn 3kg L cho c\u00e2n n\u1eb7ng t\u1eeb 4kg \u0111\u1ebfn 6kg XL cho c\u00e2n n\u1eb7ng t\u1eeb 7kg \u0111\u1ebfn 8kg [&hellip;]<\/p>","protected":false},"featured_media":21474,"comment_status":"open","ping_status":"closed","template":"","meta":[],"product_cat":[133,157],"product_tag":[],"class_list":["post-21435","product","type-product","status-publish","has-post-thumbnail","hentry","product_cat-dog-clothing","product_cat-thoi-trang"],"_links":{"self":[{"href":"http:\/\/grinpet.shop\/en\/wp-json\/wp\/v2\/product\/21435","targetHints":{"allow":["GET"]}}],"collection":[{"href":"http:\/\/grinpet.shop\/en\/wp-json\/wp\/v2\/product"}],"about":[{"href":"http:\/\/grinpet.shop\/en\/wp-json\/wp\/v2\/types\/product"}],"replies":[{"embeddable":true,"href":"http:\/\/grinpet.shop\/en\/wp-json\/wp\/v2\/comments?post=21435"}],"wp:featuredmedia":[{"embeddable":true,"href":"http:\/\/grinpet.shop\/en\/wp-json\/wp\/v2\/media\/21474"}],"wp:attachment":[{"href":"http:\/\/grinpet.shop\/en\/wp-json\/wp\/v2\/media?parent=21435"}],"wp:term":[{"taxonomy":"product_cat","embeddable":true,"href":"http:\/\/grinpet.shop\/en\/wp-json\/wp\/v2\/product_cat?post=21435"},{"taxonomy":"product_tag","embeddable":true,"href":"http:\/\/grinpet.shop\/en\/wp-json\/wp\/v2\/product_tag?post=21435"}],"curies":[{"name":"wp","href":"https:\/\/api.w.org\/{rel}","templated":true}]}}