{"id":21489,"date":"2023-12-16T05:18:54","date_gmt":"2023-12-16T05:18:54","guid":{"rendered":"http:\/\/grinpet.shop\/?post_type=product&#038;p=21489"},"modified":"2023-12-16T05:21:48","modified_gmt":"2023-12-16T05:21:48","slug":"ao-gau-truc-made-in-vietnam","status":"publish","type":"product","link":"http:\/\/grinpet.shop\/en\/product\/ao-gau-truc-made-in-vietnam\/","title":{"rendered":"\u00c1o G\u1ea5u Tr\u00fac Cho Ch\u00f3 M\u00e8o Made In Vietnam"},"content":{"rendered":"<p>\u00c1o c\u00f3 m\u0169 cho ch\u00f3 m\u00e8o. S\u1ea3n xu\u1ea5t t\u1ea1i Vi\u1ec7t Nam<br \/>\n\u00c1o c\u00f3 c\u00e1c c\u1ee1 sau:<\/p>\n<p>XS cho c\u00e2n n\u1eb7ng d\u01b0\u1edbi 1kg \u0111\u1ebfn 1.5kg<br \/>\nS cho c\u00e2n n\u1eb7ng t\u1eeb 2kg \u0111\u1ebfn 3kg<br \/>\nM cho c\u00e2n n\u1eb7ng t\u1eeb 4kg \u0111\u1ebfn 6kg<br \/>\nL cho c\u00e2n n\u1eb7ng t\u1eeb 7kg \u0111\u1ebfn 8kg<br \/>\nXL cho c\u00e2n n\u1eb7ng t\u1eeb 9kg \u0111\u1ebfn 10kg<\/p>\n<p>#\u00c1o cho ch\u00f3<br \/>\n#\u00c1o cho m\u00e8o<br \/>\n#\u00c1o cho ch\u00f3 m\u00f9a \u0111\u00f4ng<br \/>\n#\u00c1o cho m\u00e8o m\u00f9a \u0111\u00f4ng<\/p>","protected":false},"excerpt":{"rendered":"<p>\u00c1o c\u00f3 m\u0169 cho ch\u00f3 m\u00e8o. S\u1ea3n xu\u1ea5t t\u1ea1i Vi\u1ec7t Nam \u00c1o c\u00f3 c\u00e1c c\u1ee1 sau: XS cho c\u00e2n n\u1eb7ng d\u01b0\u1edbi 1kg \u0111\u1ebfn 1.5kg S cho c\u00e2n n\u1eb7ng t\u1eeb 2kg \u0111\u1ebfn 3kg M cho c\u00e2n n\u1eb7ng t\u1eeb 4kg \u0111\u1ebfn 6kg L cho c\u00e2n n\u1eb7ng t\u1eeb 7kg \u0111\u1ebfn 8kg XL cho c\u00e2n n\u1eb7ng t\u1eeb 9kg \u0111\u1ebfn [&hellip;]<\/p>","protected":false},"featured_media":21494,"comment_status":"open","ping_status":"closed","template":"","meta":[],"product_cat":[133,157],"product_tag":[],"class_list":["post-21489","product","type-product","status-publish","has-post-thumbnail","hentry","product_cat-dog-clothing","product_cat-thoi-trang"],"_links":{"self":[{"href":"http:\/\/grinpet.shop\/en\/wp-json\/wp\/v2\/product\/21489","targetHints":{"allow":["GET"]}}],"collection":[{"href":"http:\/\/grinpet.shop\/en\/wp-json\/wp\/v2\/product"}],"about":[{"href":"http:\/\/grinpet.shop\/en\/wp-json\/wp\/v2\/types\/product"}],"replies":[{"embeddable":true,"href":"http:\/\/grinpet.shop\/en\/wp-json\/wp\/v2\/comments?post=21489"}],"wp:featuredmedia":[{"embeddable":true,"href":"http:\/\/grinpet.shop\/en\/wp-json\/wp\/v2\/media\/21494"}],"wp:attachment":[{"href":"http:\/\/grinpet.shop\/en\/wp-json\/wp\/v2\/media?parent=21489"}],"wp:term":[{"taxonomy":"product_cat","embeddable":true,"href":"http:\/\/grinpet.shop\/en\/wp-json\/wp\/v2\/product_cat?post=21489"},{"taxonomy":"product_tag","embeddable":true,"href":"http:\/\/grinpet.shop\/en\/wp-json\/wp\/v2\/product_tag?post=21489"}],"curies":[{"name":"wp","href":"https:\/\/api.w.org\/{rel}","templated":true}]}}