{"id":21495,"date":"2023-12-16T05:36:57","date_gmt":"2023-12-16T05:36:57","guid":{"rendered":"http:\/\/grinpet.shop\/?post_type=product&#038;p=21495"},"modified":"2023-12-16T06:15:08","modified_gmt":"2023-12-16T06:15:08","slug":"ao-cho-meo-kem-balo","status":"publish","type":"product","link":"http:\/\/grinpet.shop\/en\/product\/ao-cho-meo-kem-balo\/","title":{"rendered":"\u00c1o Ch\u00f3 M\u00e8o K\u00e8m Balo"},"content":{"rendered":"<p>\u00c1o n\u1ec9 m\u00f9a \u0111\u00f4ng cho c\u00e1c b\u00e9 m\u00e8o v\u00e0 ch\u00f3. \u00c1o v\u1eeba \u1ea5m m\u00e0 r\u1ea5t h\u1ee3p th\u1eddi trang.<br \/>\nM\u1eabu g\u1ed3m nh\u1eefng c\u1ee1 sau:<br \/>\nXS cho c\u00e2n n\u1eb7ng nh\u1ecf h\u01a1n 1.5kg<br \/>\nS cho c\u00e2n n\u1eb7ng t\u1eeb 1 \u0111\u1ebfn 2.5 kg<br \/>\nM cho c\u00e2n n\u1eb7ng t\u1eeb 2.5kg \u0111\u1ebfn 4kg<br \/>\nL cho c\u00e2n n\u1eb7ng t\u1eeb 4kg \u0111\u1ebfn 6kg<br \/>\nXL cho c\u00e2n n\u1eb7ng t\u1eeb 6kg \u0111\u1ebfn 8kg<br \/>\n2XL cho c\u00e2n n\u1eb7ng t\u1eeb 8kg \u0111\u1ebfn 10kg<\/p>\n<p>#\u00c1o cho ch\u00f3 #Ao cho cho<br \/>\n#\u00c1o cho m\u00e8o #Ao cho meo<br \/>\n#Ph\u1ee5 ki\u1ec7n th\u00fa c\u01b0ng #\u00c1o cho ch\u00f3 m\u00f9a \u0111\u00f4ng<br \/>\n#\u00c1o cho m\u00e8o m\u00f9a \u0111\u00f4ng<br \/>\n#\u00c1o cho th\u00fa c\u01b0ng<\/p>","protected":false},"excerpt":{"rendered":"<p>\u00c1o n\u1ec9 m\u00f9a \u0111\u00f4ng cho c\u00e1c b\u00e9 m\u00e8o v\u00e0 ch\u00f3. \u00c1o v\u1eeba \u1ea5m m\u00e0 r\u1ea5t h\u1ee3p th\u1eddi trang. M\u1eabu g\u1ed3m nh\u1eefng c\u1ee1 sau: XS cho c\u00e2n n\u1eb7ng nh\u1ecf h\u01a1n 1.5kg S cho c\u00e2n n\u1eb7ng t\u1eeb 1 \u0111\u1ebfn 2.5 kg M cho c\u00e2n n\u1eb7ng t\u1eeb 2.5kg \u0111\u1ebfn 4kg L cho c\u00e2n n\u1eb7ng t\u1eeb 4kg \u0111\u1ebfn 6kg [&hellip;]<\/p>","protected":false},"featured_media":21496,"comment_status":"open","ping_status":"closed","template":"","meta":[],"product_cat":[133,157],"product_tag":[],"class_list":["post-21495","product","type-product","status-publish","has-post-thumbnail","hentry","product_cat-dog-clothing","product_cat-thoi-trang"],"_links":{"self":[{"href":"http:\/\/grinpet.shop\/en\/wp-json\/wp\/v2\/product\/21495","targetHints":{"allow":["GET"]}}],"collection":[{"href":"http:\/\/grinpet.shop\/en\/wp-json\/wp\/v2\/product"}],"about":[{"href":"http:\/\/grinpet.shop\/en\/wp-json\/wp\/v2\/types\/product"}],"replies":[{"embeddable":true,"href":"http:\/\/grinpet.shop\/en\/wp-json\/wp\/v2\/comments?post=21495"}],"wp:featuredmedia":[{"embeddable":true,"href":"http:\/\/grinpet.shop\/en\/wp-json\/wp\/v2\/media\/21496"}],"wp:attachment":[{"href":"http:\/\/grinpet.shop\/en\/wp-json\/wp\/v2\/media?parent=21495"}],"wp:term":[{"taxonomy":"product_cat","embeddable":true,"href":"http:\/\/grinpet.shop\/en\/wp-json\/wp\/v2\/product_cat?post=21495"},{"taxonomy":"product_tag","embeddable":true,"href":"http:\/\/grinpet.shop\/en\/wp-json\/wp\/v2\/product_tag?post=21495"}],"curies":[{"name":"wp","href":"https:\/\/api.w.org\/{rel}","templated":true}]}}