{"id":21502,"date":"2023-12-16T06:27:57","date_gmt":"2023-12-16T06:27:57","guid":{"rendered":"http:\/\/grinpet.shop\/?post_type=product&#038;p=21502"},"modified":"2024-05-12T11:49:24","modified_gmt":"2024-05-12T11:49:24","slug":"vong-co-noel-cho-cho-meo-thu-cung-them-xinh-mat-beo-tron-mung-giang-sinh","status":"publish","type":"product","link":"http:\/\/grinpet.shop\/en\/product\/vong-co-noel-cho-cho-meo-thu-cung-them-xinh-mat-beo-tron-mung-giang-sinh\/","title":{"rendered":"V\u00f2ng C\u1ed5 Noel cho ch\u00f3 m\u00e8o. Th\u00fa c\u01b0ng th\u00eam xinh, m\u1eb7t b\u00e9o tr\u00f2n m\u1eebng Gi\u00e1ng Sinh."},"content":{"rendered":"<p>V\u00f2ng c\u1ed5 Noel cho ch\u00f3 m\u00e8o. C\u00f3 6 ki\u1ec3u.<br \/>\nV\u00f2ng ph\u00f9 h\u1ee3p v\u1edbi ch\u00f3 m\u00e8o v\u00f2ng c\u1ed5 t\u1eeb 19cm \u0111\u1ebfn 32cm.<br \/>\n#V\u00f2ng c\u1ed5 cho ch\u00f3 m\u00e8o<br \/>\n#V\u00f2ng c\u1ed5 Christmas<br \/>\n#V\u00f2ng c\u1ed5 cho m\u00e8o<br \/>\n#V\u00f2ng c\u1ed5 cho ch\u00f3<\/p>","protected":false},"excerpt":{"rendered":"<p>V\u00f2ng c\u1ed5 Noel cho ch\u00f3 m\u00e8o. C\u00f3 6 ki\u1ec3u. V\u00f2ng ph\u00f9 h\u1ee3p v\u1edbi ch\u00f3 m\u00e8o v\u00f2ng c\u1ed5 t\u1eeb 19cm \u0111\u1ebfn 32cm. #V\u00f2ng c\u1ed5 cho ch\u00f3 m\u00e8o #V\u00f2ng c\u1ed5 Christmas #V\u00f2ng c\u1ed5 cho m\u00e8o #V\u00f2ng c\u1ed5 cho ch\u00f3<\/p>","protected":false},"featured_media":21509,"comment_status":"open","ping_status":"closed","template":"","meta":[],"product_cat":[161,157],"product_tag":[],"class_list":["post-21502","product","type-product","status-publish","has-post-thumbnail","hentry","product_cat-vong-co-cho-cho-meo","product_cat-thoi-trang"],"_links":{"self":[{"href":"http:\/\/grinpet.shop\/en\/wp-json\/wp\/v2\/product\/21502","targetHints":{"allow":["GET"]}}],"collection":[{"href":"http:\/\/grinpet.shop\/en\/wp-json\/wp\/v2\/product"}],"about":[{"href":"http:\/\/grinpet.shop\/en\/wp-json\/wp\/v2\/types\/product"}],"replies":[{"embeddable":true,"href":"http:\/\/grinpet.shop\/en\/wp-json\/wp\/v2\/comments?post=21502"}],"wp:featuredmedia":[{"embeddable":true,"href":"http:\/\/grinpet.shop\/en\/wp-json\/wp\/v2\/media\/21509"}],"wp:attachment":[{"href":"http:\/\/grinpet.shop\/en\/wp-json\/wp\/v2\/media?parent=21502"}],"wp:term":[{"taxonomy":"product_cat","embeddable":true,"href":"http:\/\/grinpet.shop\/en\/wp-json\/wp\/v2\/product_cat?post=21502"},{"taxonomy":"product_tag","embeddable":true,"href":"http:\/\/grinpet.shop\/en\/wp-json\/wp\/v2\/product_tag?post=21502"}],"curies":[{"name":"wp","href":"https:\/\/api.w.org\/{rel}","templated":true}]}}