{"id":21581,"date":"2024-01-10T08:37:34","date_gmt":"2024-01-10T08:37:34","guid":{"rendered":"http:\/\/grinpet.shop\/?post_type=product&#038;p=21581"},"modified":"2024-01-10T08:42:31","modified_gmt":"2024-01-10T08:42:31","slug":"ao-cho-cho-lon-tu-8kg-den-18kg","status":"publish","type":"product","link":"http:\/\/grinpet.shop\/en\/product\/ao-cho-cho-lon-tu-8kg-den-18kg\/","title":{"rendered":"\u00c1o cho ch\u00f3 l\u1edbn t\u1eeb 8kg \u0111\u1ebfn 18kg. \u00c1o Th\u1eddi Trang cho th\u00fa c\u01b0ng."},"content":{"rendered":"<p>\u00c1o Cho Ch\u00f3 \u1eeb 8kg \u0111\u1ebfn 18kg.<br \/>\n\u00c1o hi\u1ec7n c\u00f3 3 m\u00e0u xanh, \u0111\u1ecf, ghi. \u00c1o Th\u1eddi Trang, ph\u00f9 h\u1ee3p m\u1eb7c m\u00f9a \u0111\u00f4ng ho\u1eb7c ban \u0111\u00eam.<br \/>\nC\u00e1c c\u1ee1 \u00e1o nh\u01b0 sau:<br \/>\nC\u1ee1 4XXL cho c\u00e2n n\u1eb7ng t\u1eeb 8kg \u0111\u1ebfn 10kg, chi\u1ec1u d\u00e0i 64cm, v\u00f2ng ng\u1ef1c 50cm.<br \/>\nC\u1ee1 5XXL cho c\u00e2n n\u1eb7ng t\u1eeb 10kg \u0111\u1ebfn 14kg, chi\u1ec1u d\u00e0i 69cm, v\u00f2ng ng\u1ef1c 55cm.<br \/>\nC\u1ee1 6XXL cho c\u00e2n n\u1eb7ng t\u1eeb 14kg \u0111\u1ebfn 18kg, chi\u1ec1u d\u00e0i 74cm, v\u00f2ng ng\u1ef1c 60cm.<br \/>\nV\u1edbi c\u00e2n n\u1eb7ng nh\u1ecf h\u01a1n, qu\u00fd kh\u00e1ch c\u00f3 th\u1ec3 ch\u1ecdn mua s\u1ea3n ph\u1ea9m \u00c1o cho ch\u00f3 m\u00e8o ban \u0111\u00eam c\u1ee7a shop.<br \/>\nhttps:\/\/shopee.vn\/product\/204574931\/22087330914\/<br \/>\n#\u00c1o cho ch\u00f3 to<br \/>\n#\u00c1o cho ch\u00f3<br \/>\n#Ao cho cho<br \/>\n#\u00c1o cho ch\u00f3 m\u00f9a \u0111\u00f4ng<\/p>","protected":false},"excerpt":{"rendered":"<p>\u00c1o Cho Ch\u00f3 \u1eeb 8kg \u0111\u1ebfn 18kg. \u00c1o hi\u1ec7n c\u00f3 3 m\u00e0u xanh, \u0111\u1ecf, ghi. \u00c1o Th\u1eddi Trang, ph\u00f9 h\u1ee3p m\u1eb7c m\u00f9a \u0111\u00f4ng ho\u1eb7c ban \u0111\u00eam. C\u00e1c c\u1ee1 \u00e1o nh\u01b0 sau: C\u1ee1 4XXL cho c\u00e2n n\u1eb7ng t\u1eeb 8kg \u0111\u1ebfn 10kg, chi\u1ec1u d\u00e0i 64cm, v\u00f2ng ng\u1ef1c 50cm. C\u1ee1 5XXL cho c\u00e2n n\u1eb7ng t\u1eeb 10kg \u0111\u1ebfn 14kg, [&hellip;]<\/p>","protected":false},"featured_media":21582,"comment_status":"open","ping_status":"closed","template":"","meta":[],"product_cat":[157,133],"product_tag":[],"class_list":["post-21581","product","type-product","status-publish","has-post-thumbnail","hentry","product_cat-thoi-trang","product_cat-dog-clothing"],"_links":{"self":[{"href":"http:\/\/grinpet.shop\/en\/wp-json\/wp\/v2\/product\/21581","targetHints":{"allow":["GET"]}}],"collection":[{"href":"http:\/\/grinpet.shop\/en\/wp-json\/wp\/v2\/product"}],"about":[{"href":"http:\/\/grinpet.shop\/en\/wp-json\/wp\/v2\/types\/product"}],"replies":[{"embeddable":true,"href":"http:\/\/grinpet.shop\/en\/wp-json\/wp\/v2\/comments?post=21581"}],"wp:featuredmedia":[{"embeddable":true,"href":"http:\/\/grinpet.shop\/en\/wp-json\/wp\/v2\/media\/21582"}],"wp:attachment":[{"href":"http:\/\/grinpet.shop\/en\/wp-json\/wp\/v2\/media?parent=21581"}],"wp:term":[{"taxonomy":"product_cat","embeddable":true,"href":"http:\/\/grinpet.shop\/en\/wp-json\/wp\/v2\/product_cat?post=21581"},{"taxonomy":"product_tag","embeddable":true,"href":"http:\/\/grinpet.shop\/en\/wp-json\/wp\/v2\/product_tag?post=21581"}],"curies":[{"name":"wp","href":"https:\/\/api.w.org\/{rel}","templated":true}]}}