{"id":21705,"date":"2024-02-25T12:09:36","date_gmt":"2024-02-25T12:09:36","guid":{"rendered":"http:\/\/grinpet.shop\/?post_type=product&#038;p=21705"},"modified":"2024-09-14T16:32:13","modified_gmt":"2024-09-14T16:32:13","slug":"new-may-dinh-vi-cho-cho-meo","status":"publish","type":"product","link":"http:\/\/grinpet.shop\/en\/product\/new-may-dinh-vi-cho-cho-meo\/","title":{"rendered":"New M\u00e1y \u0111\u1ecbnh v\u1ecb cho ch\u00f3 m\u00e8o \u1edf kh\u1eafp m\u1ecdi n\u01a1i. Kh\u00f4ng c\u00f2n lo m\u1ea5t th\u00fa c\u01b0ng. B\u1ea3o h\u00e0nh 1 n\u0103m, mua 1 \u0111\u1ed5i 1."},"content":{"rendered":"<p>!!!Gi\u1ea3m gi\u00e1 40% cho nh\u1eefng \u0111\u01a1n h\u00e0ng \u0111\u1ea7u ti\u00ean!!!<br \/>\nM\u00e1y c\u00f3 k\u00e8m m\u00f3c tr\u00f2n, kh\u00f4ng c\u00f3 v\u00f2ng c\u1ed5. Thi\u1ebft b\u1ecb ch\u1ec9 d\u00e0nh cho IPhone v\u00e0 c\u00e1c thi\u1ebft b\u1ecb k\u1ebft n\u1ed1i \u0111\u01b0\u1ee3c wifi c\u1ee7a Apple.<br \/>\nM\u00e1y \u0111\u1ecbnh v\u1ecb cho ch\u00f3 m\u00e8o \u1edf kh\u1eafp m\u1ecdi n\u01a1i mi\u1ec5n l\u00e0 m\u00e1y \u1edf khu v\u1ef1c c\u00f3 c\u00e1c thi\u1ebft b\u1ecb c\u1ee7a Apple nh\u01b0 iPhone, iPad, Mac<br \/>\nCh\u1ec9 c\u1ea7n s\u1eed d\u1ee5ng \u1ee9ng d\u1ee5ng FindMy c\u1ee7a Apple, b\u1ea1n s\u1ebd x\u00e1c \u0111\u1ecbnh v\u1ecb tr\u00ed c\u1ee7a ch\u00f3 m\u00e8o nh\u00e0 b\u1ea1n, kh\u00f4ng gi\u1edbi h\u1ea1n kho\u1ea3ng c\u00e1ch.<br \/>\nNgo\u00e0i ra m\u00e1y c\u00f3 th\u1ec3 k\u1ebft n\u1ed1i Bluetooth, ph\u1ea1m vi trong nh\u00e0 l\u00e0 t\u1eeb 10m \u0111\u1ebfn 20m, ngo\u00e0i tr\u1eddi t\u1eeb 20m \u0111\u1ebfn 30m.<br \/>\nB\u1ea1n c\u00f3 th\u1ec3 c\u00e0i \u0111\u1eb7t b\u00e1o \u0111\u1ed9ng khi th\u00fa c\u01b0ng \u1edf xa b\u1ea1n ngo\u00e0i ph\u1ea1m vi cho ph\u00e9p n\u00e0y.<br \/>\nL\u01b0u \u00fd : k\u1ebft n\u1ed1i l\u1ea1i v\u1edbi m\u00e1y \u0111\u1ecbnh v\u1ecb m\u1ed7i ng\u00e0y 1 l\u1ea7n \u0111\u1ec3 duy tr\u00ec k\u1ebft n\u1ed1i Bluetooth, t\u00ecm ki\u1ebfm b\u1eb1ng \u00e2m thanh (b\u1ea1n c\u00f3 th\u1ec3 g\u1ecdi qua Siri)<br \/>\nK\u1ebft n\u1ed1i l\u1ea1i b\u1eb1ng c\u00e1ch \u0111\u1ec3 m\u00e1y \u0111\u1ecbnh v\u1ecb \u1edf g\u1ea7n \u0111i\u1ec7n tho\u1ea1i, \u1ea5n m\u00e1y \u0111\u1ecbnh v\u1ecb cho \u0111\u1ebfn khi k\u00eau t\u00edt, \u1ea5n n\u00fat g\u1ecdi ti\u1ebfng tr\u00ean \u1ee9ng d\u1ee5ng FindMy th\u1ea5y ho\u1ea1t \u0111\u1ed9ng l\u00e0 \u0111\u01b0\u1ee3c.<br \/>\nThi\u1ebft b\u1ecb c\u00f3 ch\u1ed1ng th\u1ea5m n\u01b0\u1edbc. Tuy nhi\u00ean khi th\u00fa c\u01b0ng t\u1eafm ho\u1eb7c l\u1ed9i n\u01b0\u1edbc n\u00ean th\u00e1o ra \u0111\u1ec3 tu\u1ed5i th\u1ecd c\u1ee7a m\u00e1y d\u00e0i h\u01a1n.<br \/>\nM\u00e1y \u0111\u1ecbnh v\u1ecb c\u00f3 th\u1ec3 d\u00f9ng cho m\u1ee5c \u0111\u00edch kh\u00e1c ngo\u00e0i \u0111\u1ecbnh v\u1ecb cho ch\u00f3 m\u00e8o. B\u1ea5t c\u1ee9 \u0111\u1ed3 v\u1eadt g\u00ec b\u1ea1n s\u1ee3 m\u1ea5t, b\u1ea1n c\u0169ng c\u00f3 th\u1ec3 s\u1eed d\u1ee5ng thi\u1ebft b\u1ecb \u0111\u1ecbnh v\u1ecb n\u00e0y.<br \/>\nC\u00e1c th\u00f4ng s\u1ed1 c\u1ee7a v\u00f2ng c\u1ed5 cho ch\u00f3 m\u00e8o n\u00e0y:<br \/>\nM\u00e0u s\u1eafc: Tr\u1eafng, \u0110en, Xanh l\u00e1 c\u00e2y, Xanh n\u01b0\u1edbc bi\u1ec3n.<br \/>\nNgu\u1ed3n: M\u00e1y ch\u1ea1y b\u1eb1ng pin kh\u00f4ng s\u1ea1c. Pin c\u00f3 th\u1ec3 ch\u1ea1y \u0111\u01b0\u1ee3c l\u00ean \u0111\u1ebfn 365 ng\u00e0y.<br \/>\nB\u1ea3o h\u00e0nh: 1 n\u0103m (gi\u1eef nguy\u00ean h\u1ed9p c\u1ee7a thi\u1ebft b\u1ecb)<\/p>\n<p>Quy tr\u00ecnh b\u1ea3o h\u00e0nh c\u1ee7a m\u00e1y:<br \/>\n1. B\u1ea1n li\u00ean h\u1ec7 v\u1edbi shop \u0111\u1ec3 \u0111\u01b0\u1ee3c h\u1ed7 tr\u1ee3.<br \/>\n2. B\u1ea1n g\u1eedi h\u00e0ng l\u1ea1i cho Shop, kh\u00f4ng qua tr\u1ea3 h\u00e0ng\/ho\u00e0n ti\u1ec1n c\u1ee7a Shopee.<br \/>\n3. Shop g\u1eedi h\u00e0ng cho b\u00ean s\u1ea3n xu\u1ea5t \u0111\u1ec3 s\u1eeda ch\u1eefa ho\u1eb7c thay m\u1edbi.<br \/>\n4. Shop g\u1eedi h\u00e0ng l\u1ea1i cho qu\u00fd kh\u00e1ch.<br \/>\nShop s\u1ebd ch\u1ecbu ho\u00e0n to\u00e0n ph\u00ed v\u1eadn chuy\u1ec3n.<br \/>\nQu\u00fd kh\u00e1ch c\u00f3 th\u1ec3 ch\u1ecdn mua c\u00e1c s\u1ea3n ph\u1ea9m kh\u00e1c c\u1ee7a Shop \u1edf \u0111\u00e2y:<br \/>\nshopee.vn\/grinpetshop<\/p>\n<p>#M\u00e1y \u0111\u1ecbnh v\u1ecb cho ch\u00f3 m\u00e8o<br \/>\n#GPS cho ch\u00f3 m\u00e8o<\/p>","protected":false},"excerpt":{"rendered":"<p>!!!Gi\u1ea3m gi\u00e1 40% cho nh\u1eefng \u0111\u01a1n h\u00e0ng \u0111\u1ea7u ti\u00ean!!! M\u00e1y c\u00f3 k\u00e8m m\u00f3c tr\u00f2n, kh\u00f4ng c\u00f3 v\u00f2ng c\u1ed5. Thi\u1ebft b\u1ecb ch\u1ec9 d\u00e0nh cho IPhone v\u00e0 c\u00e1c thi\u1ebft b\u1ecb k\u1ebft n\u1ed1i \u0111\u01b0\u1ee3c wifi c\u1ee7a Apple. M\u00e1y \u0111\u1ecbnh v\u1ecb cho ch\u00f3 m\u00e8o \u1edf kh\u1eafp m\u1ecdi n\u01a1i mi\u1ec5n l\u00e0 m\u00e1y \u1edf khu v\u1ef1c c\u00f3 c\u00e1c thi\u1ebft b\u1ecb c\u1ee7a [&hellip;]<\/p>","protected":false},"featured_media":21706,"comment_status":"open","ping_status":"closed","template":"","meta":[],"product_cat":[162,159],"product_tag":[],"class_list":["post-21705","product","type-product","status-publish","has-post-thumbnail","hentry","product_cat-may-dinh-vi","product_cat-do-dien-tu"],"_links":{"self":[{"href":"http:\/\/grinpet.shop\/en\/wp-json\/wp\/v2\/product\/21705","targetHints":{"allow":["GET"]}}],"collection":[{"href":"http:\/\/grinpet.shop\/en\/wp-json\/wp\/v2\/product"}],"about":[{"href":"http:\/\/grinpet.shop\/en\/wp-json\/wp\/v2\/types\/product"}],"replies":[{"embeddable":true,"href":"http:\/\/grinpet.shop\/en\/wp-json\/wp\/v2\/comments?post=21705"}],"wp:featuredmedia":[{"embeddable":true,"href":"http:\/\/grinpet.shop\/en\/wp-json\/wp\/v2\/media\/21706"}],"wp:attachment":[{"href":"http:\/\/grinpet.shop\/en\/wp-json\/wp\/v2\/media?parent=21705"}],"wp:term":[{"taxonomy":"product_cat","embeddable":true,"href":"http:\/\/grinpet.shop\/en\/wp-json\/wp\/v2\/product_cat?post=21705"},{"taxonomy":"product_tag","embeddable":true,"href":"http:\/\/grinpet.shop\/en\/wp-json\/wp\/v2\/product_tag?post=21705"}],"curies":[{"name":"wp","href":"https:\/\/api.w.org\/{rel}","templated":true}]}}