{"id":21752,"date":"2024-04-19T11:42:24","date_gmt":"2024-04-19T11:42:24","guid":{"rendered":"http:\/\/grinpet.shop\/?post_type=product&#038;p=21752"},"modified":"2024-07-19T16:11:49","modified_gmt":"2024-07-19T16:11:49","slug":"can-cau-cho-meo-grinpet-re-vo-dich","status":"publish","type":"product","link":"http:\/\/grinpet.shop\/en\/product\/can-cau-cho-meo-grinpet-re-vo-dich\/","title":{"rendered":"C\u1ea7n c\u00e2u cho m\u00e8o GrinPet [R\u1ebb v\u00f4 \u0111\u1ecbch]"},"content":{"rendered":"<p>C\u1ea7n c\u00e2u cho m\u00e8o. \u0110\u1ed3 ch\u01a1i con m\u00e8o n\u00e0o c\u0169ng th\u00edch.<br \/>\nB\u1ea1n c\u00f3 th\u1ec3 ch\u01a1i c\u00f9ng m\u00e8o \u0111\u1ec3 gi\u1ea3m c\u0103ng th\u1eb3ng cho b\u1ea1n v\u00e0 m\u00e8o.<br \/>\nXu\u1ea5t x\u1ee9: Trung Qu\u1ed1c<br \/>\n#C\u1ea7n c\u00e2u cho m\u00e8o<br \/>\n#\u0110\u1ed3 ch\u01a1i cho m\u00e8o<\/p>","protected":false},"excerpt":{"rendered":"<p>C\u1ea7n c\u00e2u cho m\u00e8o. \u0110\u1ed3 ch\u01a1i con m\u00e8o n\u00e0o c\u0169ng th\u00edch. B\u1ea1n c\u00f3 th\u1ec3 ch\u01a1i c\u00f9ng m\u00e8o \u0111\u1ec3 gi\u1ea3m c\u0103ng th\u1eb3ng cho b\u1ea1n v\u00e0 m\u00e8o. Xu\u1ea5t x\u1ee9: Trung Qu\u1ed1c #C\u1ea7n c\u00e2u cho m\u00e8o #\u0110\u1ed3 ch\u01a1i cho m\u00e8o<\/p>","protected":false},"featured_media":21753,"comment_status":"open","ping_status":"closed","template":"","meta":[],"product_cat":[131],"product_tag":[],"class_list":["post-21752","product","type-product","status-publish","has-post-thumbnail","hentry","product_cat-do-choi-cho-meo"],"_links":{"self":[{"href":"http:\/\/grinpet.shop\/en\/wp-json\/wp\/v2\/product\/21752","targetHints":{"allow":["GET"]}}],"collection":[{"href":"http:\/\/grinpet.shop\/en\/wp-json\/wp\/v2\/product"}],"about":[{"href":"http:\/\/grinpet.shop\/en\/wp-json\/wp\/v2\/types\/product"}],"replies":[{"embeddable":true,"href":"http:\/\/grinpet.shop\/en\/wp-json\/wp\/v2\/comments?post=21752"}],"wp:featuredmedia":[{"embeddable":true,"href":"http:\/\/grinpet.shop\/en\/wp-json\/wp\/v2\/media\/21753"}],"wp:attachment":[{"href":"http:\/\/grinpet.shop\/en\/wp-json\/wp\/v2\/media?parent=21752"}],"wp:term":[{"taxonomy":"product_cat","embeddable":true,"href":"http:\/\/grinpet.shop\/en\/wp-json\/wp\/v2\/product_cat?post=21752"},{"taxonomy":"product_tag","embeddable":true,"href":"http:\/\/grinpet.shop\/en\/wp-json\/wp\/v2\/product_tag?post=21752"}],"curies":[{"name":"wp","href":"https:\/\/api.w.org\/{rel}","templated":true}]}}