{"id":21758,"date":"2024-04-19T11:47:39","date_gmt":"2024-04-19T11:47:39","guid":{"rendered":"http:\/\/grinpet.shop\/?post_type=product&#038;p=21758"},"modified":"2024-07-19T16:11:10","modified_gmt":"2024-07-19T16:11:10","slug":"bong-kem-long-vu-do-choi-cho-meo","status":"publish","type":"product","link":"http:\/\/grinpet.shop\/en\/product\/bong-kem-long-vu-do-choi-cho-meo\/","title":{"rendered":"B\u00f3ng k\u00e8m l\u00f4ng v\u0169 \u0111\u1ed3 ch\u01a1i cho m\u00e8o"},"content":{"rendered":"<p>\u0110\u1ed3 ch\u01a1i b\u00f3ng k\u00e8m l\u00f4ng v\u0169 cho m\u00e8o.<br \/>\nB\u00f3ng c\u1ee1 5cm, ch\u1ee9a h\u1ea1t l\u00e1ch c\u00e1ch t\u1ea1o s\u1ef1 th\u00fa v\u1ecb khi ch\u01a1i cho m\u00e8o.<br \/>\nB\u00f3ng c\u00f3 th\u1ec3 l\u1eafc l\u01b0, m\u00e8o c\u00f3 th\u1ec3 t\u1ef1 ch\u01a1i.<br \/>\nL\u00f4ng v\u0169 c\u00f3 nhi\u1ec1u m\u00e0u s\u1eafc thu h\u00fat s\u1ef1 ch\u00fa \u00fd c\u1ee7a m\u00e8o nh\u01b0 \u0111\u1ed3 ch\u01a1i c\u1ea7n c\u00e2u.<br \/>\nM\u00e8o c\u1ee7a b\u1ea1n s\u1ebd th\u00edch n\u00f3.<br \/>\nXu\u1ea5t x\u1ee9: Trung Qu\u1ed1c<br \/>\nM\u00e0u B\u00f3ng: H\u1ed3ng Xanh<br \/>\nM\u00e0u L\u00f4ng V\u0169: nhi\u1ec1u m\u00e0u giao ng\u1eabu nhi\u00ean<br \/>\nH\u01b0\u1edbng d\u1eabn s\u1eed d\u1ee5ng: h\u00e3y \u0111\u1ec3 m\u00e8o d\u1ea7n d\u1ea7n quen v\u00e0 ch\u01a1i v\u1edbi \u0111\u1ed3 ch\u01a1i.<br \/>\n#\u0110\u1ed3 ch\u01a1i cho m\u00e8o<br \/>\n#B\u00f3ng cho m\u00e8o<br \/>\n#\u0110o choi cho meo<\/p>","protected":false},"excerpt":{"rendered":"<p>\u0110\u1ed3 ch\u01a1i b\u00f3ng k\u00e8m l\u00f4ng v\u0169 cho m\u00e8o. B\u00f3ng c\u1ee1 5cm, ch\u1ee9a h\u1ea1t l\u00e1ch c\u00e1ch t\u1ea1o s\u1ef1 th\u00fa v\u1ecb khi ch\u01a1i cho m\u00e8o. B\u00f3ng c\u00f3 th\u1ec3 l\u1eafc l\u01b0, m\u00e8o c\u00f3 th\u1ec3 t\u1ef1 ch\u01a1i. L\u00f4ng v\u0169 c\u00f3 nhi\u1ec1u m\u00e0u s\u1eafc thu h\u00fat s\u1ef1 ch\u00fa \u00fd c\u1ee7a m\u00e8o nh\u01b0 \u0111\u1ed3 ch\u01a1i c\u1ea7n c\u00e2u. M\u00e8o c\u1ee7a b\u1ea1n s\u1ebd [&hellip;]<\/p>","protected":false},"featured_media":21759,"comment_status":"open","ping_status":"closed","template":"","meta":[],"product_cat":[131],"product_tag":[],"class_list":["post-21758","product","type-product","status-publish","has-post-thumbnail","hentry","product_cat-do-choi-cho-meo"],"_links":{"self":[{"href":"http:\/\/grinpet.shop\/en\/wp-json\/wp\/v2\/product\/21758","targetHints":{"allow":["GET"]}}],"collection":[{"href":"http:\/\/grinpet.shop\/en\/wp-json\/wp\/v2\/product"}],"about":[{"href":"http:\/\/grinpet.shop\/en\/wp-json\/wp\/v2\/types\/product"}],"replies":[{"embeddable":true,"href":"http:\/\/grinpet.shop\/en\/wp-json\/wp\/v2\/comments?post=21758"}],"wp:featuredmedia":[{"embeddable":true,"href":"http:\/\/grinpet.shop\/en\/wp-json\/wp\/v2\/media\/21759"}],"wp:attachment":[{"href":"http:\/\/grinpet.shop\/en\/wp-json\/wp\/v2\/media?parent=21758"}],"wp:term":[{"taxonomy":"product_cat","embeddable":true,"href":"http:\/\/grinpet.shop\/en\/wp-json\/wp\/v2\/product_cat?post=21758"},{"taxonomy":"product_tag","embeddable":true,"href":"http:\/\/grinpet.shop\/en\/wp-json\/wp\/v2\/product_tag?post=21758"}],"curies":[{"name":"wp","href":"https:\/\/api.w.org\/{rel}","templated":true}]}}