{"id":21767,"date":"2024-05-03T08:23:13","date_gmt":"2024-05-03T08:23:13","guid":{"rendered":"http:\/\/grinpet.shop\/?post_type=product&#038;p=21767"},"modified":"2025-10-22T06:49:33","modified_gmt":"2025-10-22T06:49:33","slug":"dai-ly-chinh-hang-pate-cho-meo-dish-nguyen-lieu-con-nguoi-co-the-an-duoc-mua-2-tang-1","status":"publish","type":"product","link":"http:\/\/grinpet.shop\/en\/product\/dai-ly-chinh-hang-pate-cho-meo-dish-nguyen-lieu-con-nguoi-co-the-an-duoc-mua-2-tang-1\/","title":{"rendered":"[\u0110\u1ea1i L\u00fd Ch\u00ednh H\u00e3ng] Pate cho m\u00e8o Dish, nguy\u00ean li\u1ec7u con ng\u01b0\u1eddi c\u00f3 th\u1ec3 \u0103n \u0111\u01b0\u1ee3c. Mua 2 t\u1eb7ng 1."},"content":{"rendered":"<p>\ufe0f\ud83c\udf89\ufe0f Mua 2 t\u1eb7ng 1 m\u1eebng Grin Pet Shop th\u00e0nh \u0111\u1ea1i l\u00fd ch\u00ednh h\u00e3ng \ud83c\udfe2 c\u1ee7a Nutri Plan (Mua 3 h\u1ed9p v\u1edbi gi\u00e1 2 h\u1ed9p l\u00e0 76.000\u0111). S\u1ed1 l\u01b0\u1ee3ng c\u00f3 h\u1ea1n.<\/p>\n<p>Qu\u00fd kh\u00e1ch c\u00f3 th\u1ec3 x\u00e1c th\u1ef1c Grin Pet Shop l\u00e0 \u0111\u1ea1i l\u00fd ch\u00ednh h\u00e3ng b\u1eb1ng c\u00e1ch li\u00ean h\u1ec7 v\u1edbi c\u00f4ng ty ph\u00e2n ph\u1ed1i:<br \/>\nC\u00f4ng ty TNHH Samyang Anipharm \u2013 S\u1ed1 116 Khu\u1ea5t Duy Ti\u1ebfn, Thanh Xu\u00e2n, H\u00e0 N\u1ed9i, Vi\u1ec7t Nam \ud83c\uddfb\ud83c\uddf3<br \/>\nS\u1ed1 \u0111i\u1ec7n tho\u1ea1i: 0901111021 ho\u1eb7c 0965986111<\/p>\n<p>\u2705 Pate cho m\u00e8o Dish c\u00f3 3 v\u1ecb c\u00e1 ng\u1eeb tr\u1eafng, c\u00e1 ng\u1eeb tr\u1eafng v\u00e0 c\u00e1 h\u1ed3i, c\u00e1 ng\u1eeb tr\u1eafng v\u00e0 g\u00e0.<br \/>\nNguy\u00ean li\u1ec7u th\u01b0\u1ee3ng h\u1ea3o h\u1ea1ng con ng\u01b0\u1eddi c\u00f3 th\u1ec3 \u0103n \u0111\u01b0\u1ee3c, t\u0103ng c\u01b0\u1eddng h\u1ec7 mi\u1ec5n d\u1ecbch cho m\u00e8o, h\u1ed7 tr\u1ee3 k\u00e9o d\u00e0i tu\u1ed5i th\u1ecd.<br \/>\nS\u1ea3n ph\u1ea9m c\u00f3 gi\u00e1 h\u1ee3p l\u00fd, r\u1ebb h\u01a1n r\u1ea5t nhi\u1ec1u so v\u1edbi chi ph\u00ed ch\u1eefa b\u1ec7nh n\u1ebfu nh\u01b0 m\u00e8o \u0103n ph\u1ea3i th\u1ef1c ph\u1ea9m kh\u00f4ng \u0111\u1ea3m b\u1ea3o ch\u1ea5t l\u01b0\u1ee3ng l\u00e2u ng\u00e0y.<br \/>\nH\u00e3y \u0111\u1ec3 m\u00e8o c\u01b0ng c\u1ee7a b\u1ea1n \u0111\u01b0\u1ee3c th\u01b0\u1edfng th\u1ee9c th\u1ee9c \u0103n b\u1ed5 d\u01b0\u1ee1ng nh\u01b0 th\u1ef1c ph\u1ea9m b\u1ea1n d\u00f9ng h\u00e0ng ng\u00e0y nh\u00e9 !<\/p>\n<p>\u2705 Th\u00f4ng tin s\u1ea3n ph\u1ea9m Dish:<\/p>\n<p>S\u1ea3n xu\u1ea5t t\u1ea1i: Dongwon, 68 Mabang-ro, Seocho-gu, Seoul, H\u00e0n Qu\u1ed1c \ud83c\uddf0\ud83c\uddf7<br \/>\nQuy c\u00e1ch: 85g<br \/>\n\u0110\u1ed1i t\u01b0\u1ee3ng s\u1eed d\u1ee5ng: M\u00e8o t\u1eeb 3 th\u00e1ng tu\u1ed5i<br \/>\nNg\u00e0y s\u1ea3n xu\u1ea5t &amp; H\u1ea1n s\u1eed d\u1ee5ng: In tr\u00ean bao b\u00ec s\u1ea3n ph\u1ea9m. 3 n\u0103m k\u1ec3 t\u1eeb ng\u00e0y s\u1ea3n xu\u1ea5t.<br \/>\nCh\u1ee9c n\u0103ng: L\u00e0 s\u1ea3n ph\u1ea9m pate \u0111\u00f3ng h\u1ed9p \u0111\u01b0\u1ee3c Dongwon tr\u1ef1c ti\u1ebfp s\u1ea3n xu\u1ea5t nh\u1eb1m \u0111em l\u1ea1i gi\u1ea3i ph\u00e1p dinh d\u01b0\u1ee1ng chuy\u00ean bi\u1ec7t v\u00e0 \u01b0u vi\u1ec7t cho s\u1ee9c kh\u1ecfe c\u1ee7a m\u00e8o.<\/p>\n<p>Nguy\u00ean li\u1ec7u ch\u1ee7 y\u1ebfu l\u00e0 c\u00e1 ng\u1eeb t\u01b0\u01a1i ngon, t\u1ed1t cho s\u1ee9c kh\u1ecfe.<br \/>\nB\u1ed5 sung c\u00e1c Axit amin c\u1ea7n thi\u1ebft cho m\u00e8o nh\u01b0 Taurine v\u00e0 Arginine.<br \/>\nB\u1ed5 sung Probiotics (c\u00e1c vi khu\u1ea9n c\u00f3 l\u1ee3i), h\u1ed7 tr\u1ee3 h\u1ec7 ti\u00eau h\u00f3a, nhu\u1eadn tr\u00e0ng.<br \/>\nKh\u00f4ng s\u1eed d\u1ee5ng ch\u1ea5t b\u1ea3o qu\u1ea3n, ch\u1ea5t t\u1ea1o v\u1ecb, ch\u1ea5t t\u1ea1o \u0111\u00f4ng.<\/p>\n<p>\u203c\ufe0f L\u01b0u \u00fd khi s\u1eed d\u1ee5ng Pate Dish \u203c\ufe0f<br \/>\nH\u00e3y cho m\u00e8o c\u1ee7a b\u1ea1n \u0103n l\u01b0\u1ee3ng nh\u1ecf r\u1ed3i t\u0103ng d\u1ea7n \u0111\u1ec3 m\u00e8o c\u00f3 th\u1ec3 quen v\u1edbi th\u1ee9c \u0103n. T\u1ed1t nh\u1ea5t l\u00fac \u0111\u1ea7u ch\u1ec9 cho \u0103n n\u1eeda h\u1ed9p \u0111\u1ed1i v\u1edbi m\u00e8o tr\u01b0\u1edfng th\u00e0nh v\u00e0 1\/4 h\u1ed9p \u0111\u1ed1i v\u1edbi m\u00e8o con.<br \/>\nKh\u00f4ng cho \u0111\u1ed9ng v\u1eadt nhai l\u1ea1i nh\u01b0 b\u00f2, c\u1eebu, nai \u0103n.<br \/>\nB\u1ea3o qu\u1ea3n \u1edf n\u01a1i kh\u00f4 tho\u00e1ng, tr\u00e1nh \u0111\u1ed9 \u1ea9m cao (ch\u00fa \u00fd th\u1eddi ti\u1ebft m\u00f9a h\u00e8 &amp; th\u1eddi \u0111i\u1ec3m nhi\u1ec7t \u0111\u1ed9 cao \u1ea9m \u01b0\u1edbt).<br \/>\nB\u1ea3o qu\u1ea3n \u1edf n\u01a1i tr\u00e1nh xa t\u1ea7m tay tr\u1ebb em, n\u1ebfu \u0103n ph\u1ea3i nhanh ch\u00f3ng \u0111\u01b0a \u0111\u1ebfn b\u1ec7nh vi\u1ec7n.<\/p>\n<p>Trong qu\u00e1 tr\u00ecnh l\u01b0u th\u00f4ng v\u00e0 s\u1eed d\u1ee5ng ch\u1ea5t l\u01b0\u1ee3ng s\u1ea3n ph\u1ea9m c\u00f3 th\u1ec3 thay \u0111\u1ed5i do qu\u00e1 tr\u00ecnh b\u1ea3o qu\u1ea3n kh\u00f4ng c\u1ea9n th\u1eadn n\u00ean c\u1ea7n ki\u1ec3m tra tr\u01b0\u1edbc khi cho \u0103n.<\/p>","protected":false},"excerpt":{"rendered":"<p>\ufe0f\ud83c\udf89\ufe0f Mua 2 t\u1eb7ng 1 m\u1eebng Grin Pet Shop th\u00e0nh \u0111\u1ea1i l\u00fd ch\u00ednh h\u00e3ng \ud83c\udfe2 c\u1ee7a Nutri Plan (Mua 3 h\u1ed9p v\u1edbi gi\u00e1 2 h\u1ed9p l\u00e0 76.000\u0111). S\u1ed1 l\u01b0\u1ee3ng c\u00f3 h\u1ea1n. Qu\u00fd kh\u00e1ch c\u00f3 th\u1ec3 x\u00e1c th\u1ef1c Grin Pet Shop l\u00e0 \u0111\u1ea1i l\u00fd ch\u00ednh h\u00e3ng b\u1eb1ng c\u00e1ch li\u00ean h\u1ec7 v\u1edbi c\u00f4ng ty ph\u00e2n ph\u1ed1i: C\u00f4ng [&hellip;]<\/p>","protected":false},"featured_media":21768,"comment_status":"open","ping_status":"closed","template":"","meta":[],"product_cat":[130],"product_tag":[],"class_list":["post-21767","product","type-product","status-publish","has-post-thumbnail","hentry","product_cat-thuc-an-cho-meo"],"_links":{"self":[{"href":"http:\/\/grinpet.shop\/en\/wp-json\/wp\/v2\/product\/21767","targetHints":{"allow":["GET"]}}],"collection":[{"href":"http:\/\/grinpet.shop\/en\/wp-json\/wp\/v2\/product"}],"about":[{"href":"http:\/\/grinpet.shop\/en\/wp-json\/wp\/v2\/types\/product"}],"replies":[{"embeddable":true,"href":"http:\/\/grinpet.shop\/en\/wp-json\/wp\/v2\/comments?post=21767"}],"wp:featuredmedia":[{"embeddable":true,"href":"http:\/\/grinpet.shop\/en\/wp-json\/wp\/v2\/media\/21768"}],"wp:attachment":[{"href":"http:\/\/grinpet.shop\/en\/wp-json\/wp\/v2\/media?parent=21767"}],"wp:term":[{"taxonomy":"product_cat","embeddable":true,"href":"http:\/\/grinpet.shop\/en\/wp-json\/wp\/v2\/product_cat?post=21767"},{"taxonomy":"product_tag","embeddable":true,"href":"http:\/\/grinpet.shop\/en\/wp-json\/wp\/v2\/product_tag?post=21767"}],"curies":[{"name":"wp","href":"https:\/\/api.w.org\/{rel}","templated":true}]}}