{"id":21783,"date":"2024-05-03T08:59:01","date_gmt":"2024-05-03T08:59:01","guid":{"rendered":"http:\/\/grinpet.shop\/?post_type=product&#038;p=21783"},"modified":"2024-07-23T09:43:15","modified_gmt":"2024-07-23T09:43:15","slug":"dai-ly-chinh-hang-pate-cho-cho-holic-nguyen-lieu-con-nguoi-co-the-an-duoc-mua-2-tang-1","status":"publish","type":"product","link":"http:\/\/grinpet.shop\/en\/product\/dai-ly-chinh-hang-pate-cho-cho-holic-nguyen-lieu-con-nguoi-co-the-an-duoc-mua-2-tang-1\/","title":{"rendered":"[\u0110\u1ea1i L\u00fd Ch\u00ednh H\u00e3ng] Pate Cho Ch\u00f3 Holic, nguy\u00ean li\u1ec7u Con Ng\u01b0\u1eddi C\u00f3 Th\u1ec3 \u0102n \u0110\u01b0\u1ee3c. Mua 2 T\u1eb7ng 1."},"content":{"rendered":"<p>\ud83c\udf89\ufe0f Mua 2 t\u1eb7ng 1 m\u1eebng Grin Pet Shop th\u00e0nh \u0111\u1ea1i l\u00fd ch\u00ednh h\u00e3ng \ud83c\udfe2 c\u1ee7a Nutri Plan (Mua 3 h\u1ed9p v\u1edbi gi\u00e1 2 h\u1ed9p l\u00e0 76.000\u0111). S\u1ed1 l\u01b0\u1ee3ng c\u00f3 h\u1ea1n.<\/p>\n<p>Qu\u00fd kh\u00e1ch c\u00f3 th\u1ec3 x\u00e1c th\u1ef1c Grin Pet Shop l\u00e0 \u0111\u1ea1i l\u00fd ch\u00ednh h\u00e3ng b\u1eb1ng c\u00e1ch li\u00ean h\u1ec7 v\u1edbi c\u00f4ng ty ph\u00e2n ph\u1ed1i:<br \/>\nC\u00f4ng ty TNHH Samyang Anipharm \u2013 S\u1ed1 116 Khu\u1ea5t Duy Ti\u1ebfn, Thanh Xu\u00e2n, H\u00e0 N\u1ed9i, Vi\u1ec7t Nam \ud83c\uddfb\ud83c\uddf3<br \/>\nS\u1ed1 \u0111i\u1ec7n tho\u1ea1i: 0901111021 ho\u1eb7c 0965986111<\/p>\n<p>\u2705 Pate cho ch\u00f3 Holic c\u00f3 2 v\u1ecb Th\u1ecbt g\u00e0 v\u00e0 rau c\u1ee7, C\u00e1 ng\u1eeb v\u00e0 rau c\u1ee7.<br \/>\nNguy\u00ean li\u1ec7u th\u01b0\u1ee3ng h\u1ea3o h\u1ea1ng con ng\u01b0\u1eddi c\u00f3 th\u1ec3 \u0103n \u0111\u01b0\u1ee3c, t\u0103ng c\u01b0\u1eddng h\u1ec7 mi\u1ec5n d\u1ecbch cho ch\u00f3, h\u1ed7 tr\u1ee3 k\u00e9o d\u00e0i tu\u1ed5i th\u1ecd.<br \/>\nS\u1ea3n ph\u1ea9m c\u00f3 gi\u00e1 h\u1ee3p l\u00fd, r\u1ebb h\u01a1n r\u1ea5t nhi\u1ec1u so v\u1edbi chi ph\u00ed ch\u1eefa b\u1ec7nh n\u1ebfu nh\u01b0 ch\u00f3 \u0103n ph\u1ea3i th\u1ef1c ph\u1ea9m kh\u00f4ng \u0111\u1ea3m b\u1ea3o ch\u1ea5t l\u01b0\u1ee3ng l\u00e2u ng\u00e0y.<br \/>\nH\u00e3y \u0111\u1ec3 ch\u00f3 y\u00eau c\u1ee7a b\u1ea1n \u0111\u01b0\u1ee3c th\u01b0\u1edfng th\u1ee9c th\u1ee9c \u0103n b\u1ed5 d\u01b0\u1ee1ng nh\u01b0 th\u1ef1c ph\u1ea9m b\u1ea1n d\u00f9ng h\u00e0ng ng\u00e0y nh\u00e9 !<\/p>\n<p>\u2705 Th\u00f4ng tin s\u1ea3n ph\u1ea9m Holic:<\/p>\n<p>S\u1ea3n xu\u1ea5t t\u1ea1i: Dongwon, 68 Mabang-ro, Seocho-gu, Seoul, H\u00e0n Qu\u1ed1c<br \/>\nQuy c\u00e1ch: 85g<br \/>\n\u0110\u1ed1i t\u01b0\u1ee3ng s\u1eed d\u1ee5ng: Ch\u00f3<br \/>\nNg\u00e0y s\u1ea3n xu\u1ea5t &amp; H\u1ea1n s\u1eed d\u1ee5ng: In tr\u00ean bao b\u00ec s\u1ea3n ph\u1ea9m<br \/>\nCh\u1ee9c n\u0103ng: L\u00e0 s\u1ea3n ph\u1ea9m pate \u0111\u00f3ng h\u1ed9p \u0111\u01b0\u1ee3c Dongwon tr\u1ef1c ti\u1ebfp s\u1ea3n xu\u1ea5t nh\u1eb1m \u0111em l\u1ea1i gi\u1ea3i ph\u00e1p dinh d\u01b0\u1ee1ng chuy\u00ean bi\u1ec7t v\u00e0 \u01b0u vi\u1ec7t cho s\u1ee9c kh\u1ecfe c\u1ee7a ch\u00f3.<\/p>\n<p>\u2705 V\u1ecb \u1ee8c g\u00e0 v\u00e0 rau c\u1ee7<br \/>\nNguy\u00ean li\u1ec7u: \u1ee8c g\u00e0, N\u01b0\u1edbc, Khoai t\u00e2y, C\u00e0 r\u1ed1t, B\u00ed ng\u00f4 ng\u1ecdt, Tr\u00e1i c\u00e2y v\u00e0 rau c\u00f4 \u0111\u1eb7c, \u0110\u1eadu H\u00e0 Lan, Nam vi\u1ec7t qu\u1ea5t c\u00f4 \u0111\u1eb7c Probiotics, Chi\u1ebft xu\u1ea5t c\u00e1 minh th\u00e1i kh\u00f4, N\u01b0\u1edbc c\u1ed1t g\u00e0 c\u00f4 \u0111\u1eb7c, Tinh b\u1ed9t s\u1eafn, Axit amin, Ch\u1ea5t t\u0103ng c\u01b0\u1eddng dinh d\u01b0\u1ee1ng.<br \/>\nTh\u00e0nh ph\u1ea7n dinh d\u01b0\u1ee1ng<\/p>\n<p>Protein \u2265 8,8% Tro \u2264 0,6%<br \/>\nCh\u1ea5t b\u00e9o \u2265 0,3% \u0110\u1ed9 \u1ea9m \u2264 93.3%<br \/>\nCh\u1ea5t x\u01a1 th\u00f4 \u2264 0,5%<br \/>\n\u0110\u1eb7c \u0111i\u1ec3m s\u1ea3n ph\u1ea9m<\/p>\n<p>\u2705 V\u1ecb C\u00e1 Ng\u1eeb v\u00e0 rau c\u1ee7<\/p>\n<p>Nguy\u00ean li\u1ec7u: C\u00e1 ng\u1eeb v\u1eb1n (th\u1ecbt tr\u1eafng), n\u01b0\u1edbc, khoai t\u00e2y, c\u00e0 r\u1ed1t, b\u00ed ng\u00f4 ng\u1ecdt, tr\u00e1i c\u00e2y v\u00e0 rau c\u00f4 \u0111\u1eb7c, \u0111\u1eadu H\u00e0 Lan, nam vi\u1ec7t qu\u1ea5t c\u00f4 \u0111\u1eb7c, Probiotics, chi\u1ebft xu\u1ea5t c\u00e1 minh th\u00e1i kh\u00f4, n\u01b0\u1edbc c\u1ed1t g\u00e0 c\u00f4 \u0111\u1eb7c, tinh b\u1ed9t s\u1eafn, axit amin, ch\u1ea5t t\u0103ng c\u01b0\u1eddng dinh d\u01b0\u1ee1ng.<br \/>\nTh\u00e0nh ph\u1ea7n dinh d\u01b0\u1ee1ng<\/p>\n<p>Protein \u22657,8% Tro \u22641,0%<br \/>\nCh\u1ea5t b\u00e9o \u22650,3% \u0110\u1ed9 \u1ea9m \u226494.8%<br \/>\nCh\u1ea5t x\u01a1 th\u00f4 \u2264 0,5%<\/p>\n<p>Nguy\u00ean li\u1ec7u ch\u1ee7 y\u1ebfu l\u00e0 c\u00e1 ng\u1eeb tr\u1eafng t\u01b0\u01a1i ngon, t\u1ed1t cho s\u1ee9c kh\u1ecfe.<br \/>\nB\u1ed5 sung c\u00e1c Axit amin c\u1ea7n thi\u1ebft cho ch\u00f3 nh\u01b0 Taurine v\u00e0 Arginine.<br \/>\nB\u1ed5 sung Probiotics (c\u00e1c vi khu\u1ea9n c\u00f3 l\u1ee3i), h\u1ed7 tr\u1ee3 h\u1ec7 ti\u00eau h\u00f3a, nhu\u1eadn tr\u00e0ng.<br \/>\nKh\u00f4ng s\u1eed d\u1ee5ng ch\u1ea5t b\u1ea3o qu\u1ea3n, ch\u1ea5t t\u1ea1o v\u1ecb, ch\u1ea5t t\u1ea1o \u0111\u00f4ng.<\/p>","protected":false},"excerpt":{"rendered":"<p>\ud83c\udf89\ufe0f Mua 2 t\u1eb7ng 1 m\u1eebng Grin Pet Shop th\u00e0nh \u0111\u1ea1i l\u00fd ch\u00ednh h\u00e3ng \ud83c\udfe2 c\u1ee7a Nutri Plan (Mua 3 h\u1ed9p v\u1edbi gi\u00e1 2 h\u1ed9p l\u00e0 76.000\u0111). S\u1ed1 l\u01b0\u1ee3ng c\u00f3 h\u1ea1n. Qu\u00fd kh\u00e1ch c\u00f3 th\u1ec3 x\u00e1c th\u1ef1c Grin Pet Shop l\u00e0 \u0111\u1ea1i l\u00fd ch\u00ednh h\u00e3ng b\u1eb1ng c\u00e1ch li\u00ean h\u1ec7 v\u1edbi c\u00f4ng ty ph\u00e2n ph\u1ed1i: C\u00f4ng [&hellip;]<\/p>","protected":false},"featured_media":21784,"comment_status":"open","ping_status":"closed","template":"","meta":[],"product_cat":[134],"product_tag":[],"class_list":["post-21783","product","type-product","status-publish","has-post-thumbnail","hentry","product_cat-thuc-an-cho-cho"],"_links":{"self":[{"href":"http:\/\/grinpet.shop\/en\/wp-json\/wp\/v2\/product\/21783","targetHints":{"allow":["GET"]}}],"collection":[{"href":"http:\/\/grinpet.shop\/en\/wp-json\/wp\/v2\/product"}],"about":[{"href":"http:\/\/grinpet.shop\/en\/wp-json\/wp\/v2\/types\/product"}],"replies":[{"embeddable":true,"href":"http:\/\/grinpet.shop\/en\/wp-json\/wp\/v2\/comments?post=21783"}],"wp:featuredmedia":[{"embeddable":true,"href":"http:\/\/grinpet.shop\/en\/wp-json\/wp\/v2\/media\/21784"}],"wp:attachment":[{"href":"http:\/\/grinpet.shop\/en\/wp-json\/wp\/v2\/media?parent=21783"}],"wp:term":[{"taxonomy":"product_cat","embeddable":true,"href":"http:\/\/grinpet.shop\/en\/wp-json\/wp\/v2\/product_cat?post=21783"},{"taxonomy":"product_tag","embeddable":true,"href":"http:\/\/grinpet.shop\/en\/wp-json\/wp\/v2\/product_tag?post=21783"}],"curies":[{"name":"wp","href":"https:\/\/api.w.org\/{rel}","templated":true}]}}