{"id":21797,"date":"2024-05-12T11:35:59","date_gmt":"2024-05-12T11:35:59","guid":{"rendered":"http:\/\/grinpet.shop\/?post_type=product&#038;p=21797"},"modified":"2026-04-13T15:30:31","modified_gmt":"2026-04-13T15:30:31","slug":"mua-1-tang-1-sua-tam-cho-cho-meo-sua-tam-nam-va-thuoc-diet-khuan-chuong-chinh-hang-prunus-han-quoc","status":"publish","type":"product","link":"http:\/\/grinpet.shop\/en\/product\/mua-1-tang-1-sua-tam-cho-cho-meo-sua-tam-nam-va-thuoc-diet-khuan-chuong-chinh-hang-prunus-han-quoc\/","title":{"rendered":"Mua 1 t\u1eb7ng 1. S\u1eefa t\u1eafm cho m\u00e8o v\u00e0 ch\u00f3, S\u1eefa t\u1eafm n\u1ea5m v\u00e0 thu\u1ed1c di\u1ec7t khu\u1ea9n chu\u1ed3ng ch\u00ednh h\u00e3ng Prunus H\u00e0n Qu\u1ed1c."},"content":{"rendered":"<p>Mua 1 t\u1eb7ng 1 Pate Nutri Plan ho\u1eb7c Holic.<br \/>\nB\u1ed9 s\u1ea3n ph\u1ea9m s\u1eefa t\u1eafm v\u00e0 thu\u1ed1c x\u1ecbt di\u1ec7t khu\u1ea9n cho ch\u00f3 m\u00e8o Prunus.<br \/>\nH\u00e0ng ch\u00ednh h\u00e3ng c\u00f3 th\u1ec3 li\u00ean h\u1ec7 v\u1edbi c\u00f4ng ty ph\u00e2n ph\u1ed1i \u0111\u1ed9c quy\u1ec1n c\u1ee7a Prunus \u0111\u1ec3 x\u00e1c th\u1ef1c:<br \/>\nC\u00f4ng ty TNHH CHD VIETNAM<br \/>\n\u0110\u1ecba ch\u1ec9: S\u1ed1 10, \u0110\u01b0\u1eddng s\u1ed1 40, Khu ph\u1ed1 5, An Ph\u00fa, TP Th\u1ee7 \u0110\u1ee9c, TP. HCM.<br \/>\nHotline: 0972 907 942<br \/>\nS\u1ea3n ph\u1ea9m \u0111\u01b0\u1ee3c b\u00e1c s\u0129 th\u00fa y khuy\u00ean d\u00f9ng.<br \/>\nTh\u00f4ng tin v\u1ec1 c\u00e1c s\u1ea3n ph\u1ea9m:<br \/>\n1. S\u1eefa t\u1eafm n\u1ea5m cho ch\u00f3 m\u00e8o Prunus (200 ml)<br \/>\nC\u00e1ch d\u00f9ng:<br \/>\nB\u01b0\u1edbc 1: T\u1eafm n\u01b0\u1edbc \u0111\u1ea7u b\u1eb1ng s\u1eefa t\u1eafm th\u01b0\u1eddng cho th\u00fa c\u01b0ng c\u1ee7a b\u1ea1n.<br \/>\nB\u01b0\u1edbc 2: B\u00f4i s\u1ea3n ph\u1ea9m s\u1eefa t\u1eafm n\u1ea5m l\u00ean ng\u01b0\u1eddi th\u00fa c\u01b0ng, \u1ee7 trong 10 ph\u00fat r\u1ed3i x\u1ea3.<\/p>\n<p>2. S\u1eefa t\u1eafm th\u01b0\u1eddng cho ch\u00f3 m\u00e8o:<br \/>\n+ S\u1eefa t\u1eafm h\u01b0\u01a1ng th\u1ea3o d\u01b0\u1ee3c d\u1ecbu nh\u1eb9 (500 ml)<br \/>\n+ S\u1eefa t\u1eafm k\u00e8m d\u1ea7u x\u1ea3 (500 ml)<\/p>\n<p>3. S\u1eefa t\u1eafm l\u00e0m tr\u1eafng l\u00f4ng d\u00e0nh ri\u00eang cho ch\u00f3 l\u00f4ng ng\u1eafn v\u00e0 nh\u1ea1t (500 ml)<\/p>\n<p>4. Thu\u1ed1c x\u1ecbt di\u1ec7t khu\u1ea9n cho ch\u00f3 m\u00e8o v\u00e0 chu\u1ed3ng tr\u1ea1i h\u01b0\u01a1ng Lavender (700ml)<\/p>\n<p>Th\u00f4ng tin tham kh\u1ea3o<br \/>\nB\u00ed quy\u1ebft tr\u1ecb n\u1ea5m c\u1ee7a Grin Pet Shop:<br \/>\nH\u00e3y s\u1eed d\u1ee5ng s\u1eefa t\u1eafm n\u1ea5m v\u00e0 s\u1eefa t\u1eafm th\u01b0\u1eddng c\u1ee7a Prunus \u0111\u1ec3 h\u1ed7 tr\u1ee3 ch\u1eefa n\u1ea5m.<br \/>\nS\u1eed d\u1ee5ng thu\u1ed1c x\u1ecbt khu\u1ea9n \u0111\u1ec3 l\u00e0m s\u1ea1ch vi khu\u1ea9n n\u1ea5m \u1edf chu\u1ed3ng tr\u1ea1i c\u0169ng nh\u01b0 nh\u00e0 b\u1ea1n.<br \/>\nS\u1eed d\u1ee5ng thu\u1ed1c tr\u1ecb n\u1ea5m do b\u00e1c s\u0129 th\u00fa y khuy\u00ean d\u00f9ng. Grin Pet \u0111\u00e3 s\u1eed d\u1ee5ng s\u1ea3n ph\u1ea9m tr\u1ecb n\u1ea5m c\u1ee7a H\u00e0n Qu\u1ed1c \u0111\u1ec3 ch\u1eefa n\u1ea5m th\u00e0nh c\u00f4ng cho m\u00e8o nh\u00e0 Shop. Tuy nhi\u00ean Shop kh\u00f4ng b\u00e1n s\u1ea3n ph\u1ea9m n\u00e0y v\u00ec ch\u1ec9 b\u1ec7nh vi\u1ec7n th\u00fa y cung c\u1ea5p (Li\u00ean h\u1ec7 v\u1edbi Shop \u0111\u1ec3 bi\u1ebft th\u00eam chi ti\u1ebft)<br \/>\nGi\u1eef cho m\u00e8o kh\u00f4 r\u00e1o, kh\u00f4ng ti\u1ebfp x\u00fac v\u1edbi n\u01b0\u1edbc (tr\u1eeb l\u00fac t\u1eafm)<br \/>\nL\u01b0u \u00fd: \u0111\u00e2y ch\u1ec9 l\u00e0 th\u00f4ng tin tham kh\u1ea3o. Vi\u1ec7c ch\u1eefa tr\u1ecb c\u00f2n ph\u1ee5 thu\u1ed9c v\u00e0o t\u00ecnh tr\u1ea1ng c\u1ee7a th\u00fa c\u01b0ng c\u1ee7a b\u1ea1n. M\u00e8o nh\u00e0 Grin Pet b\u1ecb n\u1ea5m r\u1ea5t n\u1eb7ng kh\u1eafp ng\u01b0\u1eddi v\u00e0 b\u00e2y gi\u1edd \u0111\u00e3 kh\u1ecfi, kho\u1ea3ng 6, 7 th\u00e1ng th\u00ec m\u00e8o b\u1ecb l\u1ea1i nh\u1eb9 \u1edf m\u1ed9t hai ch\u1ed7 v\u00e0 ch\u1eefa \u0111\u01b0\u1ee3c kh\u1ecfi nhanh ch\u00f3ng.<br \/>\n#S\u1eefa t\u1eafm n\u1ea5m cho m\u00e8o<br \/>\n#S\u1eefa t\u1eafm n\u1ea5m cho ch\u00f3<br \/>\n#S\u1eefa t\u1eafm cho m\u00e8o<br \/>\n#S\u1eefa t\u1eafm cho ch\u00f3<\/p>","protected":false},"excerpt":{"rendered":"<p>Mua 1 t\u1eb7ng 1 Pate Nutri Plan ho\u1eb7c Holic. B\u1ed9 s\u1ea3n ph\u1ea9m s\u1eefa t\u1eafm v\u00e0 thu\u1ed1c x\u1ecbt di\u1ec7t khu\u1ea9n cho ch\u00f3 m\u00e8o Prunus. H\u00e0ng ch\u00ednh h\u00e3ng c\u00f3 th\u1ec3 li\u00ean h\u1ec7 v\u1edbi c\u00f4ng ty ph\u00e2n ph\u1ed1i \u0111\u1ed9c quy\u1ec1n c\u1ee7a Prunus \u0111\u1ec3 x\u00e1c th\u1ef1c: C\u00f4ng ty TNHH CHD VIETNAM \u0110\u1ecba ch\u1ec9: S\u1ed1 10, \u0110\u01b0\u1eddng s\u1ed1 40, Khu [&hellip;]<\/p>","protected":false},"featured_media":21798,"comment_status":"open","ping_status":"closed","template":"","meta":[],"product_cat":[163],"product_tag":[],"class_list":["post-21797","product","type-product","status-publish","has-post-thumbnail","hentry","product_cat-sua-tam-cho-cho-meo"],"_links":{"self":[{"href":"http:\/\/grinpet.shop\/en\/wp-json\/wp\/v2\/product\/21797","targetHints":{"allow":["GET"]}}],"collection":[{"href":"http:\/\/grinpet.shop\/en\/wp-json\/wp\/v2\/product"}],"about":[{"href":"http:\/\/grinpet.shop\/en\/wp-json\/wp\/v2\/types\/product"}],"replies":[{"embeddable":true,"href":"http:\/\/grinpet.shop\/en\/wp-json\/wp\/v2\/comments?post=21797"}],"wp:featuredmedia":[{"embeddable":true,"href":"http:\/\/grinpet.shop\/en\/wp-json\/wp\/v2\/media\/21798"}],"wp:attachment":[{"href":"http:\/\/grinpet.shop\/en\/wp-json\/wp\/v2\/media?parent=21797"}],"wp:term":[{"taxonomy":"product_cat","embeddable":true,"href":"http:\/\/grinpet.shop\/en\/wp-json\/wp\/v2\/product_cat?post=21797"},{"taxonomy":"product_tag","embeddable":true,"href":"http:\/\/grinpet.shop\/en\/wp-json\/wp\/v2\/product_tag?post=21797"}],"curies":[{"name":"wp","href":"https:\/\/api.w.org\/{rel}","templated":true}]}}