{"id":21822,"date":"2024-05-25T08:02:01","date_gmt":"2024-05-25T08:02:01","guid":{"rendered":"http:\/\/grinpet.shop\/?post_type=product&#038;p=21822"},"modified":"2024-07-19T16:04:11","modified_gmt":"2024-07-19T16:04:11","slug":"may-loc-nuoc-cho-meo-va-cho-tu-dong-petwant","status":"publish","type":"product","link":"http:\/\/grinpet.shop\/en\/product\/may-loc-nuoc-cho-meo-va-cho-tu-dong-petwant\/","title":{"rendered":"New M\u00e1y l\u1ecdc n\u01b0\u1edbc cho m\u00e8o v\u00e0 ch\u00f3 t\u1ef1 \u0111\u1ed9ng PETWANT 3L. T\u1ea7ng l\u1ecdc b\u1eb1ng inox t\u1ed1t cho s\u1ee9c kh\u1ecfe c\u1ee7a ch\u00f3 m\u00e8"},"content":{"rendered":"<div style=\"width: 1200px;\" class=\"wp-video\"><video class=\"wp-video-shortcode\" id=\"video-21822-1\" width=\"1200\" height=\"675\" preload=\"metadata\" controls=\"controls\"><source type=\"video\/mp4\" src=\"http:\/\/grinpet.shop\/wp-content\/uploads\/2024\/05\/May-loc-nuoc-W8.mp4?_=1\" \/><a href=\"http:\/\/grinpet.shop\/wp-content\/uploads\/2024\/05\/May-loc-nuoc-W8.mp4\">http:\/\/grinpet.shop\/wp-content\/uploads\/2024\/05\/May-loc-nuoc-W8.mp4<\/a><\/video><\/div>\n<h2>M\u00e1y l\u1ecdc n\u01b0\u1edbc cho m\u00e8o v\u00e0 ch\u00f3 PETWANT.<\/h2>\n<p>Dung t\u00edch h\u01a1n 3L, kh\u00f4ng ph\u1ea3i lo \u0111\u1ed5 th\u00eam n\u01b0\u1edbc cho th\u00fa c\u01b0ng.<br \/>\nM\u00e1y l\u1ecdc n\u01b0\u1edbc v\u00f4 c\u00f9ng quan tr\u1ecdng cho ch\u00f3 m\u00e8o, m\u00e1y h\u1ed7 tr\u1ee3 cho th\u00fa c\u01b0ng c\u1ee7a b\u1ea1n gi\u1ea3m nguy c\u01a1 b\u1ecb th\u1eadn (m\u1ed9t trong nh\u1eefng b\u1ec7nh kh\u00e1 ph\u1ed5 bi\u1ebfn \u1edf ch\u00f3 m\u00e8o)<br \/>\nTh\u00f4ng s\u1ed1 c\u1ee7a m\u00e1y:<br \/>\nXu\u1ea5t x\u1ee9: Trung Qu\u1ed1c<br \/>\nH\u00e3ng: Petwant<br \/>\nM\u00e0u s\u1eafc: X\u00e1m \u0110en v\u00e0 Tr\u1eafng<br \/>\nK\u00edch c\u1ee1: \u0110\u01b0\u1eddng k\u00ednh 23cm, chi\u1ec1u cao 13cm. B\u00e1t n\u01b0\u1edbc to ph\u00f9 h\u1ee3p cho m\u1ed9t b\u00e9 \u0111\u1ebfn nhi\u1ec1u b\u00e9.<\/p>\n<p>M\u00e1y d\u1ec5 d\u00e0ng l\u1eafp \u0111\u1eb7t, d\u1ec5 v\u1ec7 sinh. B\u1ea1n ch\u1ec9 c\u1ea7n c\u1eafm \u0111i\u1ec7n l\u00e0 m\u00e1y s\u1ebd t\u1ef1 \u0111\u1ed9ng l\u1ecdc n\u01b0\u1edbc li\u00ean t\u1ee5c.<br \/>\nMua h\u00e0ng c\u1ee7a Shop tr\u00ean Shopee<\/p>\n<p><a href=\"http:\/\/Shopee.vn\/grinpetshop\" target=\"_blank\" rel=\"noopener\">http:\/\/Shopee.vn\/grinpetshop<\/a><\/p>\n<p>Mua h\u00e0ng tr\u00ean Website ch\u1ec9 h\u1ed7 tr\u1ee3 v\u1eadn chuy\u1ec3n h\u1ecfa t\u1ed1c \u1edf H\u00e0 N\u1ed9i<\/p>\n<p><a href=\"http:\/\/GrinPet.shop\" target=\"_blank\" rel=\"noopener\">http:\/\/GrinPet.shop<\/a><br \/>\n\ud835\udc01\ud835\udc1a\u0309\ud835\udc28 \ud835\udc21\ud835\udc1a\u0300\ud835\udc27\ud835\udc21 \ud835\udc1c\ud835\udc21\ud835\udc22\u0301\ud835\udc27\ud835\udc21 \ud835\udc21\ud835\udc1a\u0303\ud835\udc27\ud835\udc20: \ud835\udfcf \ud835\udc27\ud835\udc1a\u0306\ud835\udc26 (n\u1ebfu gi\u1eef nguy\u00ean h\u1ed9p v\u00e0 gi\u1ea5y t\u1edd)<\/p>\n<p>\u2714\ufe0f Quy tr\u00ecnh b\u1ea3o h\u00e0nh:<\/p>\n<p>1. Li\u00ean h\u1ec7 v\u1edbi Shop \u0111\u1ec3 \u0111\u01b0\u1ee3c h\u1ed7 tr\u1ee3.<br \/>\n2. G\u1eedi h\u00e0ng nguy\u00ean h\u1ed9p l\u1ea1i cho Shop.<br \/>\n3. Shop s\u1ebd g\u1eedi l\u1ea1i h\u00e0ng cho h\u00e3ng \u0111\u1ec3 s\u1eeda ch\u1eefa ho\u1eb7c n\u1ebfu trong tr\u01b0\u1eddng h\u1ee3p kh\u00f4ng s\u1eeda \u0111\u01b0\u1ee3c h\u00e3ng Petwant s\u1ebd g\u1eedi l\u1ea1i cho s\u1ea3n ph\u1ea9m m\u1edbi.<br \/>\n4. Shop g\u1eedi l\u1ea1i s\u1ea3n ph\u1ea9m cho qu\u00fd kh\u00e1ch.<br \/>\nPh\u00ed v\u1eadn chuy\u1ec3n s\u1ebd do b\u00ean Shop ho\u00e0n to\u00e0n chi tr\u1ea3.<\/p>\n<p>\u2714\ufe0f Shop c\u00f3 h\u1ed7 tr\u1ee3 giao m\u00e1y l\u1ecdc n\u01b0\u1edbc cho ch\u00f3 m\u00e8o h\u1ecfa t\u1ed1c.<\/p>\n<p>\u2714\ufe0f PETWANT \u0111\u01b0\u1ee3c th\u00e0nh l\u1eadp v\u00e0o n\u0103m 2003, b\u1eaft \u0111\u1ea7u b\u1eb1ng vi\u1ec7c b\u00e1n th\u1ee9c \u0103n cho th\u00fa c\u01b0ng ba b\u1eefa. H\u1ecd c\u00f3 tr\u1ee5 s\u1edf t\u1ea1i Th\u1ea9m Quy\u1ebfn v\u00e0 nh\u00e0 m\u00e1y \u1edf Qu\u1ea3ng \u0110\u00f4ng.Trong 20 n\u0103m qua, h\u1ecd \u0111\u00e3 ph\u00e1t tri\u1ec3n t\u1eeb m\u1ed9t nh\u00f3m giao d\u1ecbch nh\u1ecf ch\u1ec9 v\u1edbi m\u1ed9t s\u1ea3n ph\u1ea9m th\u00e0nh m\u1ed9t nh\u00f3m g\u1ed3m h\u00e0ng tr\u0103m nh\u00e2n vi\u00ean. \u0110\u01b0\u1ee3c h\u1ed7 tr\u1ee3 b\u1edfi c\u00e1c chuy\u00ean gia th\u00fa c\u01b0ng v\u00e0 nh\u00f3m R&amp;D, Petwant mong mu\u1ed1n t\u00ecm ra c\u00e1ch \u0111\u00e1p \u1ee9ng nhu c\u1ea7u th\u1ef1c s\u1ef1 c\u1ee7a th\u00fa c\u01b0ng v\u00e0 c\u00e1ch cung c\u1ea5p cho \u0111\u1ed1i t\u00e1c c\u00e1c s\u1ea3n ph\u1ea9m v\u00e0 d\u1ecbch v\u1ee5 trang nh\u00e3, b\u1ec1n v\u1eefng, ti\u1ebft ki\u1ec7m chi ph\u00ed.<br \/>\n#m\u00e1y l\u1ecdc n\u01b0\u1edbc cho m\u00e8o<br \/>\n#m\u00e1y l\u1ecdc n\u01b0\u1edbc cho ch\u00f3<\/p>\n<p><img fetchpriority=\"high\" decoding=\"async\" class=\"alignnone size-medium wp-image-21843\" src=\"http:\/\/grinpet.shop\/wp-content\/uploads\/2024\/05\/IMG_0772-1-300x296.jpeg\" alt=\"\" width=\"300\" height=\"296\" \/><\/p>","protected":false},"excerpt":{"rendered":"<p>M\u00e1y l\u1ecdc n\u01b0\u1edbc cho m\u00e8o v\u00e0 ch\u00f3 PETWANT 3L. B\u1ea3o h\u00e0nh ch\u00ednh h\u00e3ng m\u1ed9t n\u0103m.<\/p>\n<p>&nbsp;<\/p>","protected":false},"featured_media":21874,"comment_status":"open","ping_status":"closed","template":"","meta":[],"product_cat":[159],"product_tag":[],"class_list":["post-21822","product","type-product","status-publish","has-post-thumbnail","hentry","product_cat-do-dien-tu"],"_links":{"self":[{"href":"http:\/\/grinpet.shop\/en\/wp-json\/wp\/v2\/product\/21822","targetHints":{"allow":["GET"]}}],"collection":[{"href":"http:\/\/grinpet.shop\/en\/wp-json\/wp\/v2\/product"}],"about":[{"href":"http:\/\/grinpet.shop\/en\/wp-json\/wp\/v2\/types\/product"}],"replies":[{"embeddable":true,"href":"http:\/\/grinpet.shop\/en\/wp-json\/wp\/v2\/comments?post=21822"}],"wp:featuredmedia":[{"embeddable":true,"href":"http:\/\/grinpet.shop\/en\/wp-json\/wp\/v2\/media\/21874"}],"wp:attachment":[{"href":"http:\/\/grinpet.shop\/en\/wp-json\/wp\/v2\/media?parent=21822"}],"wp:term":[{"taxonomy":"product_cat","embeddable":true,"href":"http:\/\/grinpet.shop\/en\/wp-json\/wp\/v2\/product_cat?post=21822"},{"taxonomy":"product_tag","embeddable":true,"href":"http:\/\/grinpet.shop\/en\/wp-json\/wp\/v2\/product_tag?post=21822"}],"curies":[{"name":"wp","href":"https:\/\/api.w.org\/{rel}","templated":true}]}}