{"id":21846,"date":"2024-05-25T09:14:45","date_gmt":"2024-05-25T09:14:45","guid":{"rendered":"http:\/\/grinpet.shop\/?post_type=product&#038;p=21846"},"modified":"2024-07-19T15:59:54","modified_gmt":"2024-07-19T15:59:54","slug":"bat-cho-meo-va-cho-bat-chat-lieu-inox-khong-roi-vo-tot-cho-suc-khoe-cho-meo-bat-chong-gu-va-kien","status":"publish","type":"product","link":"http:\/\/grinpet.shop\/en\/product\/bat-cho-meo-va-cho-bat-chat-lieu-inox-khong-roi-vo-tot-cho-suc-khoe-cho-meo-bat-chong-gu-va-kien\/","title":{"rendered":"B\u00e1t cho m\u00e8o v\u00e0 ch\u00f3. B\u00e1t ch\u1ea5t li\u1ec7u inox kh\u00f4ng r\u01a1i v\u1ee1, t\u1ed1t cho s\u1ee9c kh\u1ecfe ch\u00f3 m\u00e8o. B\u00e1t ch\u1ed1ng g\u00f9 v\u00e0 ki\u1ebfn."},"content":{"rendered":"<p>Gi\u1ea3m gi\u00e1 50% cho nh\u1eefng \u0111\u01a1n \u0111\u1ea7u ti\u00ean. S\u1ed1 l\u01b0\u1ee3ng c\u00f3 h\u1ea1n.<br \/>\nB\u00e1t ch\u1ed1ng g\u00f9 v\u00e0 ki\u1ebfn cho ch\u00f3 m\u00e8o. B\u00e1t ph\u00f9 h\u1ee3p cho th\u1ee9c \u0103n kh\u00f4, th\u1ee9c \u0103n \u01b0\u1edbt v\u00e0 n\u01b0\u1edbc.<br \/>\nCh\u1ea5t li\u1ec7u c\u1ee7a b\u00e1t l\u00e0 inox t\u1ed1t cho s\u1ee9c kh\u1ecfe th\u00fa c\u01b0ng. B\u00e1t inox c\u00f3 th\u1ec3 th\u00e1o r\u1eddi, thu\u1eadn ti\u1ec7n cho vi\u1ec7c r\u1eeda b\u00e1t.<br \/>\nXu\u1ea5t x\u1ee9: Trung Qu\u1ed1c<br \/>\nM\u00e0u s\u1eafc: Tr\u1eafng \u0110\u1ee5c, H\u1ed3ng Cam v\u00e0 Xanh \u0110en<br \/>\nL\u01b0u \u00fd: S\u1ea3n ph\u1ea9m g\u1ed3m m\u1ed9t b\u00e1t to v\u00e0 b\u00e1t nh\u1ecf.<br \/>\n#B\u00e1t cho m\u00e8o<br \/>\n#B\u00e1t cho ch\u00f3<br \/>\n#B\u00e1t \u0103n cho m\u00e8o<br \/>\n#B\u00e1t \u0103n cho ch\u00f3<\/p>","protected":false},"excerpt":{"rendered":"<p>Gi\u1ea3m gi\u00e1 50% cho nh\u1eefng \u0111\u01a1n \u0111\u1ea7u ti\u00ean. S\u1ed1 l\u01b0\u1ee3ng c\u00f3 h\u1ea1n. B\u00e1t ch\u1ed1ng g\u00f9 v\u00e0 ki\u1ebfn cho ch\u00f3 m\u00e8o. B\u00e1t ph\u00f9 h\u1ee3p cho th\u1ee9c \u0103n kh\u00f4, th\u1ee9c \u0103n \u01b0\u1edbt v\u00e0 n\u01b0\u1edbc. Ch\u1ea5t li\u1ec7u c\u1ee7a b\u00e1t l\u00e0 inox t\u1ed1t cho s\u1ee9c kh\u1ecfe th\u00fa c\u01b0ng. B\u00e1t inox c\u00f3 th\u1ec3 th\u00e1o r\u1eddi, thu\u1eadn ti\u1ec7n cho vi\u1ec7c r\u1eeda [&hellip;]<\/p>","protected":false},"featured_media":21847,"comment_status":"open","ping_status":"closed","template":"","meta":[],"product_cat":[164,109,107],"product_tag":[],"class_list":["post-21846","product","type-product","status-publish","has-post-thumbnail","hentry","product_cat-bat-an","product_cat-cho","product_cat-do-cho-meo"],"_links":{"self":[{"href":"http:\/\/grinpet.shop\/en\/wp-json\/wp\/v2\/product\/21846","targetHints":{"allow":["GET"]}}],"collection":[{"href":"http:\/\/grinpet.shop\/en\/wp-json\/wp\/v2\/product"}],"about":[{"href":"http:\/\/grinpet.shop\/en\/wp-json\/wp\/v2\/types\/product"}],"replies":[{"embeddable":true,"href":"http:\/\/grinpet.shop\/en\/wp-json\/wp\/v2\/comments?post=21846"}],"wp:featuredmedia":[{"embeddable":true,"href":"http:\/\/grinpet.shop\/en\/wp-json\/wp\/v2\/media\/21847"}],"wp:attachment":[{"href":"http:\/\/grinpet.shop\/en\/wp-json\/wp\/v2\/media?parent=21846"}],"wp:term":[{"taxonomy":"product_cat","embeddable":true,"href":"http:\/\/grinpet.shop\/en\/wp-json\/wp\/v2\/product_cat?post=21846"},{"taxonomy":"product_tag","embeddable":true,"href":"http:\/\/grinpet.shop\/en\/wp-json\/wp\/v2\/product_tag?post=21846"}],"curies":[{"name":"wp","href":"https:\/\/api.w.org\/{rel}","templated":true}]}}