{"id":21876,"date":"2024-07-23T08:45:59","date_gmt":"2024-07-23T08:45:59","guid":{"rendered":"http:\/\/grinpet.shop\/?post_type=product&#038;p=21876"},"modified":"2025-10-22T06:49:12","modified_gmt":"2025-10-22T06:49:12","slug":"phu-kien-trang-tri-cho-vong-co-cho-meo-hoac-moc-khoa","status":"publish","type":"product","link":"http:\/\/grinpet.shop\/en\/product\/phu-kien-trang-tri-cho-vong-co-cho-meo-hoac-moc-khoa\/","title":{"rendered":"Ph\u1ee5 ki\u1ec7n trang tr\u00ed cho v\u00f2ng c\u1ed5 ch\u00f3 m\u00e8o ho\u1eb7c m\u00f3c kh\u00f3a"},"content":{"rendered":"<p>Khuy\u1ebfn m\u1ea1i s\u1ea3n ph\u1ea9m m\u1edbi 50%. S\u1ed1 l\u01b0\u1ee3ng c\u00f3 h\u1ea1n.<br \/>\nPh\u1ee5 ki\u1ec7n h\u00ecnh chu\u00f4ng v\u00e0 th\u00fa d\u1ec5 th\u01b0\u01a1ng cho v\u00f2ng c\u1ed5 ch\u00f3 m\u00e8o ho\u1eb7c m\u00f3c kh\u00f3a.<br \/>\nChu\u00f4ng v\u00e0ng mang l\u1ea1i may m\u1eafn, h\u00ecnh th\u00fa th\u00ec qu\u00e1 \u0111\u00e1ng y\u00eau.<br \/>\nXu\u1ea5t x\u1ee9: Trung Qu\u1ed1c<br \/>\nK\u00edch th\u01b0\u1edbc: 3cm<br \/>\nS\u1ea3n ph\u1ea9m c\u00f3 k\u00e8m m\u00f3c tr\u00f2n \u0111\u1ec3 n\u1ed1i v\u1edbi v\u00f2ng c\u1ed5 ch\u00f3 m\u00e8o ho\u1eb7c m\u00f3c kh\u00f3a.<\/p>\n<p>#V\u00f2ng c\u1ed5 ch\u00f3 m\u00e8o<br \/>\n#Vong co cho cho meo<br \/>\n#M\u00f3c kh\u00f3a<br \/>\n#Ph\u1ee5 ki\u1ec7n th\u00fa c\u01b0ng<\/p>","protected":false},"excerpt":{"rendered":"<p>Ph\u1ee5 ki\u1ec7n cho v\u00f2ng c\u1ed5 ch\u00f3 m\u00e8o ho\u1eb7c m\u00f3c kh\u00f3a<\/p>","protected":false},"featured_media":21877,"comment_status":"open","ping_status":"closed","template":"","meta":[],"product_cat":[161],"product_tag":[],"class_list":["post-21876","product","type-product","status-publish","has-post-thumbnail","hentry","product_cat-vong-co-cho-cho-meo"],"_links":{"self":[{"href":"http:\/\/grinpet.shop\/en\/wp-json\/wp\/v2\/product\/21876","targetHints":{"allow":["GET"]}}],"collection":[{"href":"http:\/\/grinpet.shop\/en\/wp-json\/wp\/v2\/product"}],"about":[{"href":"http:\/\/grinpet.shop\/en\/wp-json\/wp\/v2\/types\/product"}],"replies":[{"embeddable":true,"href":"http:\/\/grinpet.shop\/en\/wp-json\/wp\/v2\/comments?post=21876"}],"wp:featuredmedia":[{"embeddable":true,"href":"http:\/\/grinpet.shop\/en\/wp-json\/wp\/v2\/media\/21877"}],"wp:attachment":[{"href":"http:\/\/grinpet.shop\/en\/wp-json\/wp\/v2\/media?parent=21876"}],"wp:term":[{"taxonomy":"product_cat","embeddable":true,"href":"http:\/\/grinpet.shop\/en\/wp-json\/wp\/v2\/product_cat?post=21876"},{"taxonomy":"product_tag","embeddable":true,"href":"http:\/\/grinpet.shop\/en\/wp-json\/wp\/v2\/product_tag?post=21876"}],"curies":[{"name":"wp","href":"https:\/\/api.w.org\/{rel}","templated":true}]}}