{"id":21949,"date":"2025-05-31T13:03:49","date_gmt":"2025-05-31T13:03:49","guid":{"rendered":"http:\/\/grinpet.shop\/?post_type=product&#038;p=21949"},"modified":"2025-10-22T06:46:20","modified_gmt":"2025-10-22T06:46:20","slug":"bac-cho-may-ve-sinh-tu-dong-dinh-dinh-vu-whimzypet-luu-y-chi-co-bac-khong-kem-may","status":"publish","type":"product","link":"http:\/\/grinpet.shop\/en\/product\/bac-cho-may-ve-sinh-tu-dong-dinh-dinh-vu-whimzypet-luu-y-chi-co-bac-khong-kem-may\/","title":{"rendered":"B\u1eadc cho m\u00e1y v\u1ec7 sinh t\u1ef1 \u0111\u1ed9ng \u0110inh \u0110inh V\u0169 (WhimzyPet). L\u01b0u \u00fd ch\u1ec9 c\u00f3 b\u1eadc kh\u00f4ng k\u00e8m m\u00e1y."},"content":{"rendered":"<p>B\u1eadc cho m\u00e1y v\u1ec7 sinh t\u1ef1 \u0111\u1ed9ng cho m\u00e8o \u0110inh \u0110inh V\u0169 (Ding Ding Yu, nh\u00e3n hi\u1ec7u qu\u1ed1c t\u1ebf l\u00e0 WhimzyPet)<br \/>\nS\u1ea3n ph\u1ea9m ch\u1ec9 c\u00f3 b\u1eadc kh\u00f4ng k\u00e8m m\u00e1y.<br \/>\nB\u1eadc c\u00f3 ch\u1ee9c n\u0103ng h\u1ee9ng c\u00e1t khi m\u00e8o \u0111i t\u1eeb m\u00e1y v\u1ec7 sinh t\u1ef1 \u0111\u1ed9ng ra ngo\u00e0i.<br \/>\nTh\u00f4ng s\u1ed1:<br \/>\nXu\u1ea5t x\u1ee9: Trung Qu\u1ed1c<br \/>\nH\u00e3ng: \u0110inh \u0110inh V\u0169 (WhimzyPet)<br \/>\nC\u00e2n n\u1eb7ng: 1.5kg<\/p>","protected":false},"excerpt":{"rendered":"<p>B\u1eadc cho m\u00e1y v\u1ec7 sinh t\u1ef1 \u0111\u1ed9ng cho m\u00e8o \u0110inh \u0110inh V\u0169 (Ding Ding Yu, nh\u00e3n hi\u1ec7u qu\u1ed1c t\u1ebf l\u00e0 WhimzyPet) S\u1ea3n ph\u1ea9m ch\u1ec9 c\u00f3 b\u1eadc kh\u00f4ng k\u00e8m m\u00e1y. B\u1eadc c\u00f3 ch\u1ee9c n\u0103ng h\u1ee9ng c\u00e1t khi m\u00e8o \u0111i t\u1eeb m\u00e1y v\u1ec7 sinh t\u1ef1 \u0111\u1ed9ng ra ngo\u00e0i. Th\u00f4ng s\u1ed1: Xu\u1ea5t x\u1ee9: Trung Qu\u1ed1c H\u00e3ng: \u0110inh \u0110inh [&hellip;]<\/p>","protected":false},"featured_media":21999,"comment_status":"open","ping_status":"closed","template":"","meta":[],"product_cat":[167,107],"product_tag":[],"class_list":["post-21949","product","type-product","status-publish","has-post-thumbnail","hentry","product_cat-bac-may-ve-sinh-cho-meo","product_cat-do-cho-meo"],"_links":{"self":[{"href":"http:\/\/grinpet.shop\/en\/wp-json\/wp\/v2\/product\/21949","targetHints":{"allow":["GET"]}}],"collection":[{"href":"http:\/\/grinpet.shop\/en\/wp-json\/wp\/v2\/product"}],"about":[{"href":"http:\/\/grinpet.shop\/en\/wp-json\/wp\/v2\/types\/product"}],"replies":[{"embeddable":true,"href":"http:\/\/grinpet.shop\/en\/wp-json\/wp\/v2\/comments?post=21949"}],"wp:featuredmedia":[{"embeddable":true,"href":"http:\/\/grinpet.shop\/en\/wp-json\/wp\/v2\/media\/21999"}],"wp:attachment":[{"href":"http:\/\/grinpet.shop\/en\/wp-json\/wp\/v2\/media?parent=21949"}],"wp:term":[{"taxonomy":"product_cat","embeddable":true,"href":"http:\/\/grinpet.shop\/en\/wp-json\/wp\/v2\/product_cat?post=21949"},{"taxonomy":"product_tag","embeddable":true,"href":"http:\/\/grinpet.shop\/en\/wp-json\/wp\/v2\/product_tag?post=21949"}],"curies":[{"name":"wp","href":"https:\/\/api.w.org\/{rel}","templated":true}]}}