{"id":21963,"date":"2025-06-13T16:48:01","date_gmt":"2025-06-13T16:48:01","guid":{"rendered":"http:\/\/grinpet.shop\/?post_type=product&#038;p=21963"},"modified":"2026-01-21T19:07:54","modified_gmt":"2026-01-21T19:07:54","slug":"bao-hanh-1-nam-may-cho-meo-an-tu-dong-co-camera-dieu-khien-bang-ung-dung-thiet-ke-va-san-xuat-boi-tikpaws-2","status":"publish","type":"product","link":"http:\/\/grinpet.shop\/en\/product\/bao-hanh-1-nam-may-cho-meo-an-tu-dong-co-camera-dieu-khien-bang-ung-dung-thiet-ke-va-san-xuat-boi-tikpaws-2\/","title":{"rendered":"[B\u1ea3o h\u00e0nh 1 n\u0103m] M\u00e1y cho m\u00e8o \u0103n t\u1ef1 \u0111\u1ed9ng c\u00f3 camera \u0111i\u1ec1u khi\u1ec3n b\u1eb1ng \u1ee9ng d\u1ee5ng, thi\u1ebft k\u1ebf v\u00e0 s\u1ea3n xu\u1ea5t b\u1edfi Tikpaws"},"content":{"rendered":"<p>M\u00e1y cho m\u00e8o \u0103n t\u1ef1 \u0111\u1ed9ng c\u00f3 th\u1ec3 \u0111i\u1ec1u khi\u1ec3n t\u1eeb xa b\u1eb1ng \u1ee9ng d\u1ee5ng.<br \/>\nM\u00e1y \u0111\u00e3 \u0111\u01b0\u1ee3c n\u00e2ng c\u1ea5p xem \u0111\u01b0\u1ee3c ban \u0111\u00eam<br \/>\nM\u00e1y k\u00e8m camera 480p c\u00f3 th\u1ec3 quay phim m\u1ed7i khi m\u00e8o \u0103n v\u00e0 chia s\u1ebb nh\u1eefng \u0111o\u1ea1n phim n\u00e0y tr\u00ean m\u1ea1ng x\u00e3 h\u1ed9i.<br \/>\nTh\u00f4ng s\u1ed1:<br \/>\nXu\u1ea5t x\u1ee9: Trung Qu\u1ed1c<br \/>\nS\u1ed1 hi\u1ec7u: PP15<br \/>\nM\u00e0u s\u1eafc: \u0110en v\u00e0 Tr\u1eafng<br \/>\nB\u1ea3o h\u00e0nh: 1 n\u0103m<br \/>\nDung t\u00edch: 4L<br \/>\nCh\u1ea1y b\u1eb1ng \u0111i\u1ec7n ho\u1eb7c b\u1eb1ng pin (4 pin AA).<br \/>\nL\u01b0u \u00fd s\u1ea3n ph\u1ea9m kh\u00f4ng k\u00e8m pin.<br \/>\nThi\u1ebft k\u1ebf v\u00e0 s\u1ea3n xu\u1ea5t b\u1eb1ng Tikpaws (thu\u1ed9c c\u00f4ng ty TNHH Chongxin)<\/p>\n<p>\ud835\udc01\ud835\udc1a\u0309\ud835\udc28 \ud835\udc21\ud835\udc1a\u0300\ud835\udc27\ud835\udc21 \ud835\udc1c\ud835\udc21\ud835\udc22\u0301\ud835\udc27\ud835\udc21 \ud835\udc21\ud835\udc1a\u0303\ud835\udc27\ud835\udc20: \ud835\udfcf \ud835\udc27\ud835\udc1a\u0306\ud835\udc26 (n\u1ebfu gi\u1eef nguy\u00ean h\u1ed9p v\u00e0 gi\u1ea5y t\u1edd)<\/p>\n<p>\u2714\ufe0f Quy tr\u00ecnh b\u1ea3o h\u00e0nh:<\/p>\n<p>1. Li\u00ean h\u1ec7 v\u1edbi Shop \u0111\u1ec3 \u0111\u01b0\u1ee3c h\u1ed7 tr\u1ee3.<br \/>\n2. G\u1eedi h\u00e0ng nguy\u00ean h\u1ed9p l\u1ea1i cho Shop.<br \/>\n3. Shop s\u1ebd g\u1eedi l\u1ea1i h\u00e0ng cho h\u00e3ng \u0111\u1ec3 s\u1eeda ch\u1eefa ho\u1eb7c n\u1ebfu trong tr\u01b0\u1eddng h\u1ee3p kh\u00f4ng s\u1eeda \u0111\u01b0\u1ee3c c\u00f4ng ty b\u00ean Trung Qu\u1ed1c s\u1ebd g\u1eedi l\u1ea1i cho s\u1ea3n ph\u1ea9m m\u1edbi.<br \/>\n4. Shop g\u1eedi l\u1ea1i s\u1ea3n ph\u1ea9m cho qu\u00fd kh\u00e1ch.<br \/>\nPh\u00ed v\u1eadn chuy\u1ec3n s\u1ebd do b\u00ean Shop ho\u00e0n to\u00e0n chi tr\u1ea3.<\/p>\n<p>Th\u00f4ng tin v\u1ec1 c\u00f4ng ty s\u1ea3n xu\u1ea5t:<br \/>\nC\u00f4ng ty TNHH C\u00f4ng ngh\u1ec7 Chongxin Th\u00e2m Quy\u1ebfn chuy\u00ean nghi\u1ec7p tham gia nghi\u00ean c\u1ee9u, ph\u00e1t tri\u1ec3n m\u00e1y cho th\u00fa c\u01b0ng \u0103n\/u\u1ed1ng. Chongxin \u0111ang l\u00e0m vi\u1ec7c trong vi\u1ec7c thi\u1ebft k\u1ebf \u0111\u1ed3 ch\u01a1i cho th\u00fa c\u01b0ng, gi\u01b0\u1eddng cho th\u00fa c\u01b0ng, xe ch\u1edf ngo\u00e0i tr\u1eddi v\u1edbi ch\u1ea5t l\u01b0\u1ee3ng v\u1eadt li\u1ec7u ROHS. H\u1ecd lu\u00f4n t\u1eadp trung v\u00e0 ch\u1ecbu tr\u00e1ch nhi\u1ec7m cho t\u1eebng c\u00f4ng vi\u1ec7c h\u1ee3p t\u00e1c v\u1edbi kh\u00e1ch h\u00e0ng c\u1ee7a m\u00ecnh. \u0110\u1ec3 tr\u1edf th\u00e0nh ng\u01b0\u1eddi ti\u00ean phong trong c\u00f4ng ty cung c\u1ea5p v\u1eadt nu\u00f4i ch\u0103m s\u00f3c con ng\u01b0\u1eddi th\u1ef1c s\u1ef1 c\u1ee7a Trung Qu\u1ed1c, H\u1ecd quan t\u00e2m \u0111\u1ebfn c\u1ea3m x\u00fac c\u1ee7a th\u00fa c\u01b0ng t\u1eeb tr\u00e1i tim.<br \/>\nV\u1edbi 15 n\u0103m kinh nghi\u1ec7m, H\u1ecd \u0111\u00e3 \u0111\u1ea1t \u0111\u01b0\u1ee3c c\u00e1c ch\u1ee9ng ch\u1ec9 CE, FCC, RoHS. B\u00e1n ch\u1ea1y \u1edf t\u1ea5t c\u1ea3 c\u00e1c t\u1ec9nh, th\u00e0nh ph\u1ed1 \u1edf Trung Qu\u1ed1c, s\u1ea3n ph\u1ea9m c\u1ee7a Chongxin c\u0169ng \u0111\u01b0\u1ee3c xu\u1ea5t kh\u1ea9u sang M\u1ef9, Anh, c\u00e1c n\u01b0\u1edbc Ch\u00e2u \u00c2u, Ch\u00e2u M\u1ef9 Latinh, Th\u1ecb tr\u01b0\u1eddng Ch\u00e2u \u00c1, \u00dac, NewZealand v\u00e0 th\u1ecb tr\u01b0\u1eddng Trung \u0110\u00f4ng.<\/p>","protected":false},"excerpt":{"rendered":"<p>M\u00e1y cho m\u00e8o \u0103n t\u1ef1 \u0111\u1ed9ng c\u00f3 th\u1ec3 \u0111i\u1ec1u khi\u1ec3n t\u1eeb xa b\u1eb1ng \u1ee9ng d\u1ee5ng. M\u00e1y \u0111\u00e3 \u0111\u01b0\u1ee3c n\u00e2ng c\u1ea5p xem \u0111\u01b0\u1ee3c ban \u0111\u00eam M\u00e1y k\u00e8m camera 480p c\u00f3 th\u1ec3 quay phim m\u1ed7i khi m\u00e8o \u0103n v\u00e0 chia s\u1ebb nh\u1eefng \u0111o\u1ea1n phim n\u00e0y tr\u00ean m\u1ea1ng x\u00e3 h\u1ed9i. Th\u00f4ng s\u1ed1: Xu\u1ea5t x\u1ee9: Trung Qu\u1ed1c S\u1ed1 hi\u1ec7u: [&hellip;]<\/p>","protected":false},"featured_media":21964,"comment_status":"open","ping_status":"closed","template":"","meta":[],"product_cat":[160],"product_tag":[],"class_list":["post-21963","product","type-product","status-publish","has-post-thumbnail","hentry","product_cat-may-cho-an-tu-dong"],"_links":{"self":[{"href":"http:\/\/grinpet.shop\/en\/wp-json\/wp\/v2\/product\/21963","targetHints":{"allow":["GET"]}}],"collection":[{"href":"http:\/\/grinpet.shop\/en\/wp-json\/wp\/v2\/product"}],"about":[{"href":"http:\/\/grinpet.shop\/en\/wp-json\/wp\/v2\/types\/product"}],"replies":[{"embeddable":true,"href":"http:\/\/grinpet.shop\/en\/wp-json\/wp\/v2\/comments?post=21963"}],"wp:featuredmedia":[{"embeddable":true,"href":"http:\/\/grinpet.shop\/en\/wp-json\/wp\/v2\/media\/21964"}],"wp:attachment":[{"href":"http:\/\/grinpet.shop\/en\/wp-json\/wp\/v2\/media?parent=21963"}],"wp:term":[{"taxonomy":"product_cat","embeddable":true,"href":"http:\/\/grinpet.shop\/en\/wp-json\/wp\/v2\/product_cat?post=21963"},{"taxonomy":"product_tag","embeddable":true,"href":"http:\/\/grinpet.shop\/en\/wp-json\/wp\/v2\/product_tag?post=21963"}],"curies":[{"name":"wp","href":"https:\/\/api.w.org\/{rel}","templated":true}]}}